{"id":166,"date":"2019-10-16T12:21:37","date_gmt":"2019-10-16T15:21:37","guid":{"rendered":"https:\/\/bridge267.qodeinteractive.com\/?page_id=166"},"modified":"2023-09-27T15:48:09","modified_gmt":"2023-09-27T18:48:09","slug":"sobre-nos","status":"publish","type":"page","link":"https:\/\/papelmadeira.com.br\/?page_id=166","title":{"rendered":"Sobre n\u00f3s"},"content":{"rendered":"\t\t<div data-elementor-type=\"wp-page\" data-elementor-id=\"166\" class=\"elementor elementor-166\">\n\t\t\t\t\t\t\t\t\t<section class=\"elementor-section elementor-top-section elementor-element elementor-element-7273d948 elementor-section-boxed elementor-section-height-default elementor-section-height-default parallax_section_no qode_elementor_container_no\" data-id=\"7273d948\" data-element_type=\"section\">\n\t\t\t\t\t\t\t<div class=\"elementor-background-overlay\"><\/div>\n\t\t\t\t\t\t\t<div class=\"elementor-container elementor-column-gap-default\">\n\t\t\t\t\t<div class=\"elementor-column elementor-col-100 elementor-top-column elementor-element elementor-element-3e4a0c25\" data-id=\"3e4a0c25\" data-element_type=\"column\">\n\t\t\t<div class=\"elementor-widget-wrap elementor-element-populated\">\n\t\t\t\t\t\t\t\t<section class=\"elementor-section elementor-inner-section elementor-element elementor-element-f1fd0a4 elementor-section-boxed elementor-section-height-default elementor-section-height-default parallax_section_no qode_elementor_container_no\" data-id=\"f1fd0a4\" data-element_type=\"section\">\n\t\t\t\t\t\t<div class=\"elementor-container elementor-column-gap-default\">\n\t\t\t\t\t<div class=\"elementor-column elementor-col-25 elementor-inner-column elementor-element elementor-element-3464ced\" data-id=\"3464ced\" data-element_type=\"column\" data-settings=\"{&quot;background_background&quot;:&quot;classic&quot;}\">\n\t\t\t<div class=\"elementor-widget-wrap elementor-element-populated\">\n\t\t\t\t\t\t\t\t<div class=\"elementor-element elementor-element-2610966 elementor-widget elementor-widget-image\" data-id=\"2610966\" data-element_type=\"widget\" data-widget_type=\"image.default\">\n\t\t\t\t<div class=\"elementor-widget-container\">\n\t\t\t\t\t\t\t\t\t\t\t\t\t\t\t<img decoding=\"async\" loading=\"lazy\" width=\"300\" height=\"290\" src=\"https:\/\/papelmadeira.com.br\/wp-content\/uploads\/2021\/08\/josi1-300x290.png\" class=\"attachment-medium size-medium wp-image-526\" alt=\"\" srcset=\"https:\/\/papelmadeira.com.br\/wp-content\/uploads\/2021\/08\/josi1-300x290.png 300w, https:\/\/papelmadeira.com.br\/wp-content\/uploads\/2021\/08\/josi1.png 364w\" sizes=\"(max-width: 300px) 100vw, 300px\" \/>\t\t\t\t\t\t\t\t\t\t\t\t\t\t\t<\/div>\n\t\t\t\t<\/div>\n\t\t\t\t<div class=\"elementor-element elementor-element-f16158d elementor-widget elementor-widget-text-editor\" data-id=\"f16158d\" data-element_type=\"widget\" data-widget_type=\"text-editor.default\">\n\t\t\t\t<div class=\"elementor-widget-container\">\n\t\t\t\t\t\t\t<p><span style=\"color: #000000;\"><strong>JOSI COSTA<\/strong><\/span><\/p><p><span style=\"color: #000000;\">Da tradi\u00e7\u00e3o faz parte, salve o of\u00edcio da Santa Arte. De um lado a m\u00fasica, do outro o samba tamb\u00e9m e junto com tudo isso sempre muita reza que conv\u00e9m.<\/span><\/p><p><span style=\"color: #000000;\">Essa sou eu, Josiane Costa, artes\u00e3, psic\u00f3loga, aromaterapeuta, reikiana, produtora cultural, mas sobretudo mulher de f\u00e9 e devota da natureza.<\/span><\/p><p><span style=\"color: #000000;\">Seja bem vinda (o) \u00e0 loja Papel Madeira!<\/span><\/p><p><span style=\"color: #000000;\">\u00a0<\/span><\/p>\t\t\t\t\t\t<\/div>\n\t\t\t\t<\/div>\n\t\t\t\t\t<\/div>\n\t\t<\/div>\n\t\t\t\t<div class=\"elementor-column elementor-col-25 elementor-inner-column elementor-element elementor-element-09cdc8e\" data-id=\"09cdc8e\" data-element_type=\"column\" data-settings=\"{&quot;background_background&quot;:&quot;classic&quot;}\">\n\t\t\t<div class=\"elementor-widget-wrap elementor-element-populated\">\n\t\t\t\t\t\t\t\t<div class=\"elementor-element elementor-element-57ff3cd elementor-widget-divider--view-line elementor-widget elementor-widget-divider\" data-id=\"57ff3cd\" data-element_type=\"widget\" data-widget_type=\"divider.default\">\n\t\t\t\t<div class=\"elementor-widget-container\">\n\t\t\t\t\t<div class=\"elementor-divider\">\n\t\t\t<span class=\"elementor-divider-separator\">\n\t\t\t\t\t\t<\/span>\n\t\t<\/div>\n\t\t\t\t<\/div>\n\t\t\t\t<\/div>\n\t\t\t\t\t<\/div>\n\t\t<\/div>\n\t\t\t\t<div class=\"elementor-column elementor-col-25 elementor-inner-column elementor-element elementor-element-aed03bb\" data-id=\"aed03bb\" data-element_type=\"column\" data-settings=\"{&quot;background_background&quot;:&quot;classic&quot;}\">\n\t\t\t<div class=\"elementor-widget-wrap elementor-element-populated\">\n\t\t\t\t\t\t\t\t<div class=\"elementor-element elementor-element-37c172d elementor-widget elementor-widget-image\" data-id=\"37c172d\" data-element_type=\"widget\" data-widget_type=\"image.default\">\n\t\t\t\t<div class=\"elementor-widget-container\">\n\t\t\t\t\t\t\t\t\t\t\t\t\t\t\t<img decoding=\"async\" loading=\"lazy\" width=\"300\" height=\"300\" src=\"https:\/\/papelmadeira.com.br\/wp-content\/uploads\/2021\/09\/a1-300x300.png\" class=\"attachment-medium size-medium wp-image-578\" alt=\"\" srcset=\"https:\/\/papelmadeira.com.br\/wp-content\/uploads\/2021\/09\/a1-300x300.png 300w, https:\/\/papelmadeira.com.br\/wp-content\/uploads\/2021\/09\/a1-150x150.png 150w, https:\/\/papelmadeira.com.br\/wp-content\/uploads\/2021\/09\/a1-570x570.png 570w, https:\/\/papelmadeira.com.br\/wp-content\/uploads\/2021\/09\/a1-500x500.png 500w, https:\/\/papelmadeira.com.br\/wp-content\/uploads\/2021\/09\/a1-600x600.png 600w, https:\/\/papelmadeira.com.br\/wp-content\/uploads\/2021\/09\/a1-100x100.png 100w, https:\/\/papelmadeira.com.br\/wp-content\/uploads\/2021\/09\/a1.png 700w\" sizes=\"(max-width: 300px) 100vw, 300px\" \/>\t\t\t\t\t\t\t\t\t\t\t\t\t\t\t<\/div>\n\t\t\t\t<\/div>\n\t\t\t\t<div class=\"elementor-element elementor-element-26670f7 elementor-widget elementor-widget-text-editor\" data-id=\"26670f7\" data-element_type=\"widget\" data-widget_type=\"text-editor.default\">\n\t\t\t\t<div class=\"elementor-widget-container\">\n\t\t\t\t\t\t\t<p><span style=\"color: #000000;\"><strong>EDILSON COSTA<\/strong><\/span><\/p><p><span style=\"color: #000000;\">Edilson Costa, artes\u00e3o sabarense, sambista, se diz um bom malandro, devoto de Deus e da M\u00e3e Natureza, fez do papel a sua nova vida. No ano de 2002 descobre no papel um novo caminho de recome\u00e7o ap\u00f3s superar uma obscura fase de alcoolismo. Como uma fibra de esperan\u00e7a, o jornal torna-se a mat\u00e9ria prima na qual o artes\u00e3o encontra a oportunidade de reciclar a si mesmo.<\/span><\/p><p><span style=\"color: #000000;\">Assim, conseguiu seguir sua vida com dignidade e inspirar muitos. Ensinou sua arte e of\u00edcio para sua filha Josi Costa que come\u00e7ou fazendo colares de revista e hoje \u00e9 idealizadora da loja Papel Madeira.<\/span><\/p>\t\t\t\t\t\t<\/div>\n\t\t\t\t<\/div>\n\t\t\t\t\t<\/div>\n\t\t<\/div>\n\t\t\t\t<div class=\"elementor-column elementor-col-25 elementor-inner-column elementor-element elementor-element-2afa5c3\" data-id=\"2afa5c3\" data-element_type=\"column\">\n\t\t\t<div class=\"elementor-widget-wrap\">\n\t\t\t\t\t\t\t\t\t<\/div>\n\t\t<\/div>\n\t\t\t\t\t\t\t<\/div>\n\t\t<\/section>\n\t\t\t\t\t<\/div>\n\t\t<\/div>\n\t\t\t\t\t\t\t<\/div>\n\t\t<\/section>\n\t\t\t\t<section class=\"elementor-section elementor-top-section elementor-element elementor-element-e557be9 elementor-section-boxed elementor-section-height-default elementor-section-height-default parallax_section_no qode_elementor_container_no\" data-id=\"e557be9\" data-element_type=\"section\">\n\t\t\t\t\t\t\t<div class=\"elementor-background-overlay\"><\/div>\n\t\t\t\t\t\t\t<div class=\"elementor-container elementor-column-gap-default\">\n\t\t\t\t\t<div class=\"elementor-column elementor-col-100 elementor-top-column elementor-element elementor-element-cbbd51d\" data-id=\"cbbd51d\" data-element_type=\"column\">\n\t\t\t<div class=\"elementor-widget-wrap elementor-element-populated\">\n\t\t\t\t\t\t\t\t<section class=\"elementor-section elementor-inner-section elementor-element elementor-element-69c16e8 elementor-section-boxed elementor-section-height-default elementor-section-height-default parallax_section_no qode_elementor_container_no\" data-id=\"69c16e8\" data-element_type=\"section\">\n\t\t\t\t\t\t<div class=\"elementor-container elementor-column-gap-default\">\n\t\t\t\t\t<div class=\"elementor-column elementor-col-33 elementor-inner-column elementor-element elementor-element-0fd9bb9\" data-id=\"0fd9bb9\" data-element_type=\"column\" data-settings=\"{&quot;background_background&quot;:&quot;classic&quot;}\">\n\t\t\t<div class=\"elementor-widget-wrap elementor-element-populated\">\n\t\t\t\t\t\t\t\t<div class=\"elementor-element elementor-element-350a0ee elementor-widget elementor-widget-image\" data-id=\"350a0ee\" data-element_type=\"widget\" data-widget_type=\"image.default\">\n\t\t\t\t<div class=\"elementor-widget-container\">\n\t\t\t\t\t\t\t\t\t\t\t\t\t\t\t<img decoding=\"async\" loading=\"lazy\" width=\"300\" height=\"298\" src=\"https:\/\/papelmadeira.com.br\/wp-content\/uploads\/2021\/12\/edvaldo-300x298.png\" class=\"attachment-medium size-medium wp-image-706\" alt=\"\" srcset=\"https:\/\/papelmadeira.com.br\/wp-content\/uploads\/2021\/12\/edvaldo-300x298.png 300w, https:\/\/papelmadeira.com.br\/wp-content\/uploads\/2021\/12\/edvaldo-150x150.png 150w, https:\/\/papelmadeira.com.br\/wp-content\/uploads\/2021\/12\/edvaldo-100x100.png 100w, https:\/\/papelmadeira.com.br\/wp-content\/uploads\/2021\/12\/edvaldo.png 384w\" sizes=\"(max-width: 300px) 100vw, 300px\" \/>\t\t\t\t\t\t\t\t\t\t\t\t\t\t\t<\/div>\n\t\t\t\t<\/div>\n\t\t\t\t<div class=\"elementor-element elementor-element-adbc9ee elementor-widget elementor-widget-text-editor\" data-id=\"adbc9ee\" data-element_type=\"widget\" data-widget_type=\"text-editor.default\">\n\t\t\t\t<div class=\"elementor-widget-container\">\n\t\t\t\t\t\t\t<p style=\"text-align: left;\"><span style=\"color: #000000;\"><strong>EDVALDO COSTA<\/strong><\/span><\/p>\n<p style=\"text-align: left;\" align=\"justify\"><span style=\"color: #000000;\">Como quem abre portais guardi\u00f5es de mem\u00f3rias, o artista Edvaldo Costa segue esculpindo lugares nos quais abriga-se a F\u00e9 que \u201cmove\u201d as montanhosas hist\u00f3rias de Minas Gerais.<\/span><\/p>\n<p><\/p>\n<p style=\"text-align: left;\" align=\"justify\"><span style=\"color: #000000;\">Nascido em Sabar\u00e1, Edvaldo Costa se dedica obstinadamente ao of\u00edcio de grafar na madeira&nbsp;as&nbsp;imagens sagradas que d\u00e3o \u00e2nimo ao seu esp\u00edrito criativo.<\/span><\/p>\n<p><\/p>\n<p style=\"text-align: left;\" align=\"justify\"><span style=\"color: #000000;\">Cada orat\u00f3rio talhado pelas m\u00e3os de Edvaldo&nbsp;\u00e9 um caminho aberto n\u00e3o apenas para adentrar os espa\u00e7os&nbsp;nos quais ritualiza-se&nbsp;a orat\u00f3ria das pe\u00e7as sagradas que sustentam a religiosidade do povo brasileiro, mas tamb\u00e9m&nbsp;atravessar as camadas das mem\u00f3rias silenciadas pela hist\u00f3ria dita oficial. Edvaldo lavra na madeira o dom divino herdado de seus ancestrais&nbsp;cuja fonte atravessa as tempestuosas \u00e1guas da Di\u00e1spora Africana.<\/span><\/p><p style=\"text-align: left;\" align=\"justify\"><span style=\"color: #000000;\">Texto Dulce Manu\u00ed.<\/span><\/p>\t\t\t\t\t\t<\/div>\n\t\t\t\t<\/div>\n\t\t\t\t\t<\/div>\n\t\t<\/div>\n\t\t\t\t<div class=\"elementor-column elementor-col-33 elementor-inner-column elementor-element elementor-element-39518a9\" data-id=\"39518a9\" data-element_type=\"column\" data-settings=\"{&quot;background_background&quot;:&quot;classic&quot;}\">\n\t\t\t<div class=\"elementor-widget-wrap elementor-element-populated\">\n\t\t\t\t\t\t\t\t<div class=\"elementor-element elementor-element-f84ca2d elementor-widget-divider--view-line elementor-widget elementor-widget-divider\" data-id=\"f84ca2d\" data-element_type=\"widget\" data-widget_type=\"divider.default\">\n\t\t\t\t<div class=\"elementor-widget-container\">\n\t\t\t\t\t<div class=\"elementor-divider\">\n\t\t\t<span class=\"elementor-divider-separator\">\n\t\t\t\t\t\t<\/span>\n\t\t<\/div>\n\t\t\t\t<\/div>\n\t\t\t\t<\/div>\n\t\t\t\t\t<\/div>\n\t\t<\/div>\n\t\t\t\t<div class=\"elementor-column elementor-col-33 elementor-inner-column elementor-element elementor-element-c0b7721\" data-id=\"c0b7721\" data-element_type=\"column\">\n\t\t\t<div class=\"elementor-widget-wrap\">\n\t\t\t\t\t\t\t\t\t<\/div>\n\t\t<\/div>\n\t\t\t\t\t\t\t<\/div>\n\t\t<\/section>\n\t\t\t\t\t<\/div>\n\t\t<\/div>\n\t\t\t\t\t\t\t<\/div>\n\t\t<\/section>\n\t\t\t\t\t\t\t<\/div>\n\t\t","protected":false},"excerpt":{"rendered":"<p>JOSI COSTA Da tradi\u00e7\u00e3o faz parte, salve o of\u00edcio da Santa Arte. De um lado a m\u00fasica, do outro o samba tamb\u00e9m e junto com tudo isso sempre muita reza que conv\u00e9m. Essa sou eu, Josiane Costa, artes\u00e3, psic\u00f3loga, aromaterapeuta, reikiana, produtora cultural, mas sobretudo&#8230;<\/p>\n","protected":false},"author":1,"featured_media":0,"parent":0,"menu_order":0,"comment_status":"closed","ping_status":"closed","template":"full_width.php","meta":{"footnotes":""},"aioseo_notices":[],"_links":{"self":[{"href":"https:\/\/papelmadeira.com.br\/index.php?rest_route=\/wp\/v2\/pages\/166"}],"collection":[{"href":"https:\/\/papelmadeira.com.br\/index.php?rest_route=\/wp\/v2\/pages"}],"about":[{"href":"https:\/\/papelmadeira.com.br\/index.php?rest_route=\/wp\/v2\/types\/page"}],"author":[{"embeddable":true,"href":"https:\/\/papelmadeira.com.br\/index.php?rest_route=\/wp\/v2\/users\/1"}],"replies":[{"embeddable":true,"href":"https:\/\/papelmadeira.com.br\/index.php?rest_route=%2Fwp%2Fv2%2Fcomments&post=166"}],"version-history":[{"count":90,"href":"https:\/\/papelmadeira.com.br\/index.php?rest_route=\/wp\/v2\/pages\/166\/revisions"}],"predecessor-version":[{"id":827,"href":"https:\/\/papelmadeira.com.br\/index.php?rest_route=\/wp\/v2\/pages\/166\/revisions\/827"}],"wp:attachment":[{"href":"https:\/\/papelmadeira.com.br\/index.php?rest_route=%2Fwp%2Fv2%2Fmedia&parent=166"}],"curies":[{"name":"wp","href":"https:\/\/api.w.org\/{rel}","templated":true}]}}