{"id":12,"date":"2019-10-16T08:48:24","date_gmt":"2019-10-16T11:48:24","guid":{"rendered":"https:\/\/bridge267.qodeinteractive.com\/?post_type=product&#038;p=12"},"modified":"2021-09-01T22:06:32","modified_gmt":"2021-09-02T01:06:32","slug":"mini-plate","status":"publish","type":"product","link":"https:\/\/papelmadeira.com.br\/?product=mini-plate","title":{"rendered":"Ter\u00e7o Salve Rainha Cora\u00e7\u00e3o de Cristo &#8211; Cruz de Caf\u00e9"},"content":{"rendered":"<p>Ter\u00e7o com cruz de Caf\u00e9, Pai Nosso com semente da \u00e1rvore Saboneteira, Salve Rainha com semente da \u00e1rvore Cora\u00e7\u00e3o de Cristo e mi\u00e7angas de madeira marrom nas Ave Maria. Toda madeira das cruzes e sementes s\u00e3o colhidas ap\u00f3s tempestade, poda ou ca\u00edram das \u00e1rvores. N\u00e3o machucamos as plantas!<\/p>\n","protected":false},"excerpt":{"rendered":"<p>Ter\u00e7o com cruz de Caf\u00e9, Pai Nosso com semente da \u00e1rvore Saboneteira, Salve Rainha com semente da \u00e1rvore Cora\u00e7\u00e3o de Cristo e mi\u00e7angas de madeira marrom nas Ave Maria. Toda madeira das cruzes e sementes s\u00e3o colhidas ap\u00f3s tempestade, poda ou ca\u00edram das \u00e1rvores. N\u00e3o machucamos as plantas!<\/p>\n","protected":false},"featured_media":393,"comment_status":"open","ping_status":"closed","template":"","meta":[],"product_cat":[23],"product_tag":[20],"aioseo_notices":[],"_links":{"self":[{"href":"https:\/\/papelmadeira.com.br\/index.php?rest_route=\/wp\/v2\/product\/12"}],"collection":[{"href":"https:\/\/papelmadeira.com.br\/index.php?rest_route=\/wp\/v2\/product"}],"about":[{"href":"https:\/\/papelmadeira.com.br\/index.php?rest_route=\/wp\/v2\/types\/product"}],"replies":[{"embeddable":true,"href":"https:\/\/papelmadeira.com.br\/index.php?rest_route=%2Fwp%2Fv2%2Fcomments&post=12"}],"wp:featuredmedia":[{"embeddable":true,"href":"https:\/\/papelmadeira.com.br\/index.php?rest_route=\/wp\/v2\/media\/393"}],"wp:attachment":[{"href":"https:\/\/papelmadeira.com.br\/index.php?rest_route=%2Fwp%2Fv2%2Fmedia&parent=12"}],"wp:term":[{"taxonomy":"product_cat","embeddable":true,"href":"https:\/\/papelmadeira.com.br\/index.php?rest_route=%2Fwp%2Fv2%2Fproduct_cat&post=12"},{"taxonomy":"product_tag","embeddable":true,"href":"https:\/\/papelmadeira.com.br\/index.php?rest_route=%2Fwp%2Fv2%2Fproduct_tag&post=12"}],"curies":[{"name":"wp","href":"https:\/\/api.w.org\/{rel}","templated":true}]}}