{"id":31,"date":"2019-10-16T09:08:22","date_gmt":"2019-10-16T12:08:22","guid":{"rendered":"https:\/\/bridge267.qodeinteractive.com\/?post_type=product&#038;p=31"},"modified":"2021-12-11T07:07:58","modified_gmt":"2021-12-11T10:07:58","slug":"yellow-cup","status":"publish","type":"product","link":"https:\/\/papelmadeira.com.br\/?product=yellow-cup","title":{"rendered":"Ter\u00e7o Cruz de Loiro"},"content":{"rendered":"<p>Ter\u00e7o feito com cruz da \u00e1rvore de Loiro, com Pai Nosso de mi\u00e7anga de revista, Ave Maria com mi\u00e7angas de madeira e Salve Rainha com mi\u00e7anga grande de madeira esverdeada. Toda madeira das cruzes e sementes s\u00e3o colhidas ap\u00f3s tempestade, poda ou ca\u00edram das \u00e1rvores. N\u00e3o machucamos as plantas!<\/p>\n","protected":false},"excerpt":{"rendered":"<p>Ter\u00e7o feito com cruz da \u00e1rvore de Loiro, com Pai Nosso de mi\u00e7anga de revista, Ave Maria com mi\u00e7angas de madeira e Salve Rainha com mi\u00e7anga grande de madeira esverdeada. Toda madeira das cruzes e sementes s\u00e3o colhidas ap\u00f3s tempestade, poda ou ca\u00edram das \u00e1rvores. N\u00e3o machucamos as plantas!<\/p>\n","protected":false},"featured_media":394,"comment_status":"open","ping_status":"closed","template":"","meta":[],"product_cat":[23],"product_tag":[20],"aioseo_notices":[],"_links":{"self":[{"href":"https:\/\/papelmadeira.com.br\/index.php?rest_route=\/wp\/v2\/product\/31"}],"collection":[{"href":"https:\/\/papelmadeira.com.br\/index.php?rest_route=\/wp\/v2\/product"}],"about":[{"href":"https:\/\/papelmadeira.com.br\/index.php?rest_route=\/wp\/v2\/types\/product"}],"replies":[{"embeddable":true,"href":"https:\/\/papelmadeira.com.br\/index.php?rest_route=%2Fwp%2Fv2%2Fcomments&post=31"}],"wp:featuredmedia":[{"embeddable":true,"href":"https:\/\/papelmadeira.com.br\/index.php?rest_route=\/wp\/v2\/media\/394"}],"wp:attachment":[{"href":"https:\/\/papelmadeira.com.br\/index.php?rest_route=%2Fwp%2Fv2%2Fmedia&parent=31"}],"wp:term":[{"taxonomy":"product_cat","embeddable":true,"href":"https:\/\/papelmadeira.com.br\/index.php?rest_route=%2Fwp%2Fv2%2Fproduct_cat&post=31"},{"taxonomy":"product_tag","embeddable":true,"href":"https:\/\/papelmadeira.com.br\/index.php?rest_route=%2Fwp%2Fv2%2Fproduct_tag&post=31"}],"curies":[{"name":"wp","href":"https:\/\/api.w.org\/{rel}","templated":true}]}}