{"id":408,"date":"2021-08-03T12:40:46","date_gmt":"2021-08-03T15:40:46","guid":{"rendered":"https:\/\/papelmadeira.com.br\/?post_type=product&#038;p=408"},"modified":"2021-09-12T08:30:59","modified_gmt":"2021-09-12T11:30:59","slug":"terco-tres-misterios-cruz-prata","status":"publish","type":"product","link":"https:\/\/papelmadeira.com.br\/?product=terco-tres-misterios-cruz-prata","title":{"rendered":"Ter\u00e7o Tr\u00eas Mist\u00e9rios \u2013 Cruz Prata"},"content":{"rendered":"<p>Ter\u00e7o Tr\u00eas Mist\u00e9rios com cruz prata e pe\u00e7as vermelhas de pl\u00e1stico.<\/p>\n","protected":false},"excerpt":{"rendered":"<p>Ter\u00e7o Tr\u00eas Mist\u00e9rios com cruz prata e pe\u00e7as vermelhas de pl\u00e1stico.<\/p>\n","protected":false},"featured_media":401,"comment_status":"open","ping_status":"closed","template":"","meta":[],"product_cat":[23],"product_tag":[20],"aioseo_notices":[],"_links":{"self":[{"href":"https:\/\/papelmadeira.com.br\/index.php?rest_route=\/wp\/v2\/product\/408"}],"collection":[{"href":"https:\/\/papelmadeira.com.br\/index.php?rest_route=\/wp\/v2\/product"}],"about":[{"href":"https:\/\/papelmadeira.com.br\/index.php?rest_route=\/wp\/v2\/types\/product"}],"replies":[{"embeddable":true,"href":"https:\/\/papelmadeira.com.br\/index.php?rest_route=%2Fwp%2Fv2%2Fcomments&post=408"}],"wp:featuredmedia":[{"embeddable":true,"href":"https:\/\/papelmadeira.com.br\/index.php?rest_route=\/wp\/v2\/media\/401"}],"wp:attachment":[{"href":"https:\/\/papelmadeira.com.br\/index.php?rest_route=%2Fwp%2Fv2%2Fmedia&parent=408"}],"wp:term":[{"taxonomy":"product_cat","embeddable":true,"href":"https:\/\/papelmadeira.com.br\/index.php?rest_route=%2Fwp%2Fv2%2Fproduct_cat&post=408"},{"taxonomy":"product_tag","embeddable":true,"href":"https:\/\/papelmadeira.com.br\/index.php?rest_route=%2Fwp%2Fv2%2Fproduct_tag&post=408"}],"curies":[{"name":"wp","href":"https:\/\/api.w.org\/{rel}","templated":true}]}}