{"id":466,"date":"2021-08-03T13:28:44","date_gmt":"2021-08-03T16:28:44","guid":{"rendered":"https:\/\/papelmadeira.com.br\/?post_type=product&#038;p=466"},"modified":"2021-08-03T13:29:12","modified_gmt":"2021-08-03T16:29:12","slug":"brinco-conta-lagrimas-revista-rosa","status":"publish","type":"product","link":"https:\/\/papelmadeira.com.br\/?product=brinco-conta-lagrimas-revista-rosa","title":{"rendered":"Brinco Conta L\u00e1grimas Revista Rosa"},"content":{"rendered":"<p>Brinco feito de revista com sementes de conta l\u00e1grimas, l\u00e1grimas de Nossa Senhora, entre outros nomes.<\/p>\n","protected":false},"excerpt":{"rendered":"<p>Brinco feito de revista com sementes de conta l\u00e1grimas, l\u00e1grimas de Nossa Senhora, entre outros nomes.<\/p>\n","protected":false},"featured_media":439,"comment_status":"open","ping_status":"closed","template":"","meta":[],"product_cat":[21],"product_tag":[20],"aioseo_notices":[],"_links":{"self":[{"href":"https:\/\/papelmadeira.com.br\/index.php?rest_route=\/wp\/v2\/product\/466"}],"collection":[{"href":"https:\/\/papelmadeira.com.br\/index.php?rest_route=\/wp\/v2\/product"}],"about":[{"href":"https:\/\/papelmadeira.com.br\/index.php?rest_route=\/wp\/v2\/types\/product"}],"replies":[{"embeddable":true,"href":"https:\/\/papelmadeira.com.br\/index.php?rest_route=%2Fwp%2Fv2%2Fcomments&post=466"}],"wp:featuredmedia":[{"embeddable":true,"href":"https:\/\/papelmadeira.com.br\/index.php?rest_route=\/wp\/v2\/media\/439"}],"wp:attachment":[{"href":"https:\/\/papelmadeira.com.br\/index.php?rest_route=%2Fwp%2Fv2%2Fmedia&parent=466"}],"wp:term":[{"taxonomy":"product_cat","embeddable":true,"href":"https:\/\/papelmadeira.com.br\/index.php?rest_route=%2Fwp%2Fv2%2Fproduct_cat&post=466"},{"taxonomy":"product_tag","embeddable":true,"href":"https:\/\/papelmadeira.com.br\/index.php?rest_route=%2Fwp%2Fv2%2Fproduct_tag&post=466"}],"curies":[{"name":"wp","href":"https:\/\/api.w.org\/{rel}","templated":true}]}}