{"id":508,"date":"2021-08-16T10:02:08","date_gmt":"2021-08-16T13:02:08","guid":{"rendered":"https:\/\/papelmadeira.com.br\/?post_type=product&#038;p=508"},"modified":"2021-09-01T21:53:31","modified_gmt":"2021-09-02T00:53:31","slug":"vaso-aladin","status":"publish","type":"product","link":"https:\/\/papelmadeira.com.br\/?product=vaso-aladin","title":{"rendered":"Vaso Aladin"},"content":{"rendered":"<p>Vaso com tampa e al\u00e7as desenhadas pintado de preto feito de jornal.<\/p>\n<p>Artes\u00e3o Edilson Costa.<\/p>\n<p>&nbsp;<\/p>\n<p>Aten\u00e7\u00e3o taxa de envio \u00e9 diferenciada para essas pe\u00e7as decorativas que costumam ser grandes e mais pesadas. Assim, a taxa de envio de 25,00 reais n\u00e3o se aplica nesses casos e o valor deve ser combinado entrando em contato com a gente. Agradecemos a compreens\u00e3o de voc\u00eas!<\/p>\n","protected":false},"excerpt":{"rendered":"<p>Vaso com tampa e al\u00e7as desenhadas pintado de preto feito de jornal.<\/p>\n<p>Artes\u00e3o Edilson Costa.<\/p>\n<p>&nbsp;<\/p>\n<p>Aten\u00e7\u00e3o taxa de envio \u00e9 diferenciada para essas pe\u00e7as decorativas que costumam ser grandes e mais pesadas. Assim, a taxa de envio de 25,00 reais n\u00e3o se aplica nesses casos e o valor deve ser combinado entrando em contato com a gente. Agradecemos a compreens\u00e3o de voc\u00eas!<\/p>\n","protected":false},"featured_media":500,"comment_status":"open","ping_status":"closed","template":"","meta":[],"product_cat":[26],"product_tag":[],"aioseo_notices":[],"_links":{"self":[{"href":"https:\/\/papelmadeira.com.br\/index.php?rest_route=\/wp\/v2\/product\/508"}],"collection":[{"href":"https:\/\/papelmadeira.com.br\/index.php?rest_route=\/wp\/v2\/product"}],"about":[{"href":"https:\/\/papelmadeira.com.br\/index.php?rest_route=\/wp\/v2\/types\/product"}],"replies":[{"embeddable":true,"href":"https:\/\/papelmadeira.com.br\/index.php?rest_route=%2Fwp%2Fv2%2Fcomments&post=508"}],"wp:featuredmedia":[{"embeddable":true,"href":"https:\/\/papelmadeira.com.br\/index.php?rest_route=\/wp\/v2\/media\/500"}],"wp:attachment":[{"href":"https:\/\/papelmadeira.com.br\/index.php?rest_route=%2Fwp%2Fv2%2Fmedia&parent=508"}],"wp:term":[{"taxonomy":"product_cat","embeddable":true,"href":"https:\/\/papelmadeira.com.br\/index.php?rest_route=%2Fwp%2Fv2%2Fproduct_cat&post=508"},{"taxonomy":"product_tag","embeddable":true,"href":"https:\/\/papelmadeira.com.br\/index.php?rest_route=%2Fwp%2Fv2%2Fproduct_tag&post=508"}],"curies":[{"name":"wp","href":"https:\/\/api.w.org\/{rel}","templated":true}]}}