{"id":533,"date":"2021-08-20T12:34:22","date_gmt":"2021-08-20T15:34:22","guid":{"rendered":"https:\/\/papelmadeira.com.br\/?post_type=product&#038;p=533"},"modified":"2021-08-20T12:35:43","modified_gmt":"2021-08-20T15:35:43","slug":"colar-exu-pomba-gira-bege","status":"publish","type":"product","link":"https:\/\/papelmadeira.com.br\/?product=colar-exu-pomba-gira-bege","title":{"rendered":"Colar Exu \u2013 Pomba Gira &#8211; Bege"},"content":{"rendered":"<p>Colar de Exu e Pomba Gira com a sauda\u00e7\u00e3o Laroi\u00ea escrita na medalha, cord\u00e3o de mi\u00e7anga bege.<\/p>\n<p>Artes\u00e3 Josi Costa.<\/p>\n","protected":false},"excerpt":{"rendered":"<p>Colar de Exu e Pomba Gira com a sauda\u00e7\u00e3o Laroi\u00ea escrita na medalha, cord\u00e3o de mi\u00e7anga bege.<\/p>\n<p>Artes\u00e3 Josi Costa.<\/p>\n","protected":false},"featured_media":539,"comment_status":"open","ping_status":"closed","template":"","meta":[],"product_cat":[27],"product_tag":[],"aioseo_notices":[],"_links":{"self":[{"href":"https:\/\/papelmadeira.com.br\/index.php?rest_route=\/wp\/v2\/product\/533"}],"collection":[{"href":"https:\/\/papelmadeira.com.br\/index.php?rest_route=\/wp\/v2\/product"}],"about":[{"href":"https:\/\/papelmadeira.com.br\/index.php?rest_route=\/wp\/v2\/types\/product"}],"replies":[{"embeddable":true,"href":"https:\/\/papelmadeira.com.br\/index.php?rest_route=%2Fwp%2Fv2%2Fcomments&post=533"}],"wp:featuredmedia":[{"embeddable":true,"href":"https:\/\/papelmadeira.com.br\/index.php?rest_route=\/wp\/v2\/media\/539"}],"wp:attachment":[{"href":"https:\/\/papelmadeira.com.br\/index.php?rest_route=%2Fwp%2Fv2%2Fmedia&parent=533"}],"wp:term":[{"taxonomy":"product_cat","embeddable":true,"href":"https:\/\/papelmadeira.com.br\/index.php?rest_route=%2Fwp%2Fv2%2Fproduct_cat&post=533"},{"taxonomy":"product_tag","embeddable":true,"href":"https:\/\/papelmadeira.com.br\/index.php?rest_route=%2Fwp%2Fv2%2Fproduct_tag&post=533"}],"curies":[{"name":"wp","href":"https:\/\/api.w.org\/{rel}","templated":true}]}}