{"id":540,"date":"2021-08-20T12:35:55","date_gmt":"2021-08-20T15:35:55","guid":{"rendered":"https:\/\/papelmadeira.com.br\/?post_type=product&#038;p=540"},"modified":"2022-09-24T19:24:46","modified_gmt":"2022-09-24T22:24:46","slug":"colar-exu-pomba-gira-preto","status":"publish","type":"product","link":"https:\/\/papelmadeira.com.br\/?product=colar-exu-pomba-gira-preto","title":{"rendered":"Colar Exu \u2013 Pomba Gira \u2013 Preto"},"content":{"rendered":"<p>Colar de Exu e Pomba Gira com a sauda\u00e7\u00e3o Laroi\u00ea escrita na medalha, cord\u00e3o de mi\u00e7anga preta.<\/p>\n<p>Artes\u00e3 Josi Costa.<\/p>\n","protected":false},"excerpt":{"rendered":"<p>Colar de Exu e Pomba Gira com a sauda\u00e7\u00e3o Laroi\u00ea escrita na medalha, cord\u00e3o de mi\u00e7anga preta.<\/p>\n<p>Artes\u00e3 Josi Costa.<\/p>\n","protected":false},"featured_media":538,"comment_status":"open","ping_status":"closed","template":"","meta":[],"product_cat":[27],"product_tag":[],"aioseo_notices":[],"_links":{"self":[{"href":"https:\/\/papelmadeira.com.br\/index.php?rest_route=\/wp\/v2\/product\/540"}],"collection":[{"href":"https:\/\/papelmadeira.com.br\/index.php?rest_route=\/wp\/v2\/product"}],"about":[{"href":"https:\/\/papelmadeira.com.br\/index.php?rest_route=\/wp\/v2\/types\/product"}],"replies":[{"embeddable":true,"href":"https:\/\/papelmadeira.com.br\/index.php?rest_route=%2Fwp%2Fv2%2Fcomments&post=540"}],"wp:featuredmedia":[{"embeddable":true,"href":"https:\/\/papelmadeira.com.br\/index.php?rest_route=\/wp\/v2\/media\/538"}],"wp:attachment":[{"href":"https:\/\/papelmadeira.com.br\/index.php?rest_route=%2Fwp%2Fv2%2Fmedia&parent=540"}],"wp:term":[{"taxonomy":"product_cat","embeddable":true,"href":"https:\/\/papelmadeira.com.br\/index.php?rest_route=%2Fwp%2Fv2%2Fproduct_cat&post=540"},{"taxonomy":"product_tag","embeddable":true,"href":"https:\/\/papelmadeira.com.br\/index.php?rest_route=%2Fwp%2Fv2%2Fproduct_tag&post=540"}],"curies":[{"name":"wp","href":"https:\/\/api.w.org\/{rel}","templated":true}]}}