{"id":542,"date":"2021-08-20T12:37:22","date_gmt":"2021-08-20T15:37:22","guid":{"rendered":"https:\/\/papelmadeira.com.br\/?post_type=product&#038;p=542"},"modified":"2022-02-23T17:47:54","modified_gmt":"2022-02-23T20:47:54","slug":"terco-nossa-senhora-aparecida-madeira-vermelho","status":"publish","type":"product","link":"https:\/\/papelmadeira.com.br\/?product=terco-nossa-senhora-aparecida-madeira-vermelho","title":{"rendered":"Ter\u00e7o Nossa Senhora Aparecida \u2013 Madeira Vermelho"},"content":{"rendered":"<p>Ter\u00e7o de Nossa Senhora Aparecida com Salve Rainha com imagem com pedras, o Gl\u00f3ria com imagem pequena da Santa, mi\u00e7angas de madeira vermelha com detalhe desenhado, Pai Nosso de semente de conta de l\u00e1grimas e crucifixo de metal.<\/p>\n<p>Artes\u00e3o Josi Costa.<\/p>\n","protected":false},"excerpt":{"rendered":"<p>Ter\u00e7o de Nossa Senhora Aparecida com Salve Rainha com imagem com pedras, o Gl\u00f3ria com imagem pequena da Santa, mi\u00e7angas de madeira vermelha com detalhe desenhado, Pai Nosso de semente de conta de l\u00e1grimas e crucifixo de metal.<\/p>\n<p>Artes\u00e3o Josi Costa.<\/p>\n","protected":false},"featured_media":536,"comment_status":"open","ping_status":"closed","template":"","meta":[],"product_cat":[23],"product_tag":[],"aioseo_notices":[],"_links":{"self":[{"href":"https:\/\/papelmadeira.com.br\/index.php?rest_route=\/wp\/v2\/product\/542"}],"collection":[{"href":"https:\/\/papelmadeira.com.br\/index.php?rest_route=\/wp\/v2\/product"}],"about":[{"href":"https:\/\/papelmadeira.com.br\/index.php?rest_route=\/wp\/v2\/types\/product"}],"replies":[{"embeddable":true,"href":"https:\/\/papelmadeira.com.br\/index.php?rest_route=%2Fwp%2Fv2%2Fcomments&post=542"}],"wp:featuredmedia":[{"embeddable":true,"href":"https:\/\/papelmadeira.com.br\/index.php?rest_route=\/wp\/v2\/media\/536"}],"wp:attachment":[{"href":"https:\/\/papelmadeira.com.br\/index.php?rest_route=%2Fwp%2Fv2%2Fmedia&parent=542"}],"wp:term":[{"taxonomy":"product_cat","embeddable":true,"href":"https:\/\/papelmadeira.com.br\/index.php?rest_route=%2Fwp%2Fv2%2Fproduct_cat&post=542"},{"taxonomy":"product_tag","embeddable":true,"href":"https:\/\/papelmadeira.com.br\/index.php?rest_route=%2Fwp%2Fv2%2Fproduct_tag&post=542"}],"curies":[{"name":"wp","href":"https:\/\/api.w.org\/{rel}","templated":true}]}}