{"id":543,"date":"2021-08-20T12:38:17","date_gmt":"2021-08-20T15:38:17","guid":{"rendered":"https:\/\/papelmadeira.com.br\/?post_type=product&#038;p=543"},"modified":"2021-08-20T12:39:07","modified_gmt":"2021-08-20T15:39:07","slug":"terco-sao-jose","status":"publish","type":"product","link":"https:\/\/papelmadeira.com.br\/?product=terco-sao-jose","title":{"rendered":"Ter\u00e7o S\u00e3o Jos\u00e9"},"content":{"rendered":"<p>Ter\u00e7o de S\u00e3o Jos\u00e9 com mi\u00e7angas de madeira e crucifixo de metal.<\/p>\n<p>Artes\u00e3 Josi Costa.<\/p>\n","protected":false},"excerpt":{"rendered":"<p>Ter\u00e7o de S\u00e3o Jos\u00e9 com mi\u00e7angas de madeira e crucifixo de metal.<\/p>\n<p>Artes\u00e3 Josi Costa.<\/p>\n","protected":false},"featured_media":535,"comment_status":"open","ping_status":"closed","template":"","meta":[],"product_cat":[23],"product_tag":[],"aioseo_notices":[],"_links":{"self":[{"href":"https:\/\/papelmadeira.com.br\/index.php?rest_route=\/wp\/v2\/product\/543"}],"collection":[{"href":"https:\/\/papelmadeira.com.br\/index.php?rest_route=\/wp\/v2\/product"}],"about":[{"href":"https:\/\/papelmadeira.com.br\/index.php?rest_route=\/wp\/v2\/types\/product"}],"replies":[{"embeddable":true,"href":"https:\/\/papelmadeira.com.br\/index.php?rest_route=%2Fwp%2Fv2%2Fcomments&post=543"}],"wp:featuredmedia":[{"embeddable":true,"href":"https:\/\/papelmadeira.com.br\/index.php?rest_route=\/wp\/v2\/media\/535"}],"wp:attachment":[{"href":"https:\/\/papelmadeira.com.br\/index.php?rest_route=%2Fwp%2Fv2%2Fmedia&parent=543"}],"wp:term":[{"taxonomy":"product_cat","embeddable":true,"href":"https:\/\/papelmadeira.com.br\/index.php?rest_route=%2Fwp%2Fv2%2Fproduct_cat&post=543"},{"taxonomy":"product_tag","embeddable":true,"href":"https:\/\/papelmadeira.com.br\/index.php?rest_route=%2Fwp%2Fv2%2Fproduct_tag&post=543"}],"curies":[{"name":"wp","href":"https:\/\/api.w.org\/{rel}","templated":true}]}}