{"id":544,"date":"2021-08-20T12:39:29","date_gmt":"2021-08-20T15:39:29","guid":{"rendered":"https:\/\/papelmadeira.com.br\/?post_type=product&#038;p=544"},"modified":"2022-04-20T15:02:37","modified_gmt":"2022-04-20T18:02:37","slug":"terco-nossa-senhora-aparecida-madeira-marrom","status":"publish","type":"product","link":"https:\/\/papelmadeira.com.br\/?product=terco-nossa-senhora-aparecida-madeira-marrom","title":{"rendered":"Ter\u00e7o Nossa Senhora Aparecida \u2013 Madeira Marrom"},"content":{"rendered":"<p>Ter\u00e7o Nossa Senhora Aparecida com mi\u00e7anga de madeira marrom, Pai Nosso com sementes de contas de l\u00e1grimas, Salve Rainha e Credo com imagens de Nossa Senhora Aparecida.<\/p>\n<p>Artes\u00e3 Josi Costa.<\/p>\n","protected":false},"excerpt":{"rendered":"<p>Ter\u00e7o Nossa Senhora Aparecida com mi\u00e7anga de madeira marrom, Pai Nosso com sementes de contas de l\u00e1grimas, Salve Rainha e Credo com imagens de Nossa Senhora Aparecida.<\/p>\n<p>Artes\u00e3 Josi Costa.<\/p>\n","protected":false},"featured_media":534,"comment_status":"open","ping_status":"closed","template":"","meta":[],"product_cat":[23],"product_tag":[],"aioseo_notices":[],"_links":{"self":[{"href":"https:\/\/papelmadeira.com.br\/index.php?rest_route=\/wp\/v2\/product\/544"}],"collection":[{"href":"https:\/\/papelmadeira.com.br\/index.php?rest_route=\/wp\/v2\/product"}],"about":[{"href":"https:\/\/papelmadeira.com.br\/index.php?rest_route=\/wp\/v2\/types\/product"}],"replies":[{"embeddable":true,"href":"https:\/\/papelmadeira.com.br\/index.php?rest_route=%2Fwp%2Fv2%2Fcomments&post=544"}],"wp:featuredmedia":[{"embeddable":true,"href":"https:\/\/papelmadeira.com.br\/index.php?rest_route=\/wp\/v2\/media\/534"}],"wp:attachment":[{"href":"https:\/\/papelmadeira.com.br\/index.php?rest_route=%2Fwp%2Fv2%2Fmedia&parent=544"}],"wp:term":[{"taxonomy":"product_cat","embeddable":true,"href":"https:\/\/papelmadeira.com.br\/index.php?rest_route=%2Fwp%2Fv2%2Fproduct_cat&post=544"},{"taxonomy":"product_tag","embeddable":true,"href":"https:\/\/papelmadeira.com.br\/index.php?rest_route=%2Fwp%2Fv2%2Fproduct_tag&post=544"}],"curies":[{"name":"wp","href":"https:\/\/api.w.org\/{rel}","templated":true}]}}