{"id":604,"date":"2021-09-08T08:28:28","date_gmt":"2021-09-08T11:28:28","guid":{"rendered":"https:\/\/papelmadeira.com.br\/?post_type=product&#038;p=604"},"modified":"2022-02-23T19:35:20","modified_gmt":"2022-02-23T22:35:20","slug":"cruz-de-acacia-negra","status":"publish","type":"product","link":"https:\/\/papelmadeira.com.br\/?product=cruz-de-acacia-negra","title":{"rendered":"Cruz de Ac\u00e1cia Negra"},"content":{"rendered":"<p>Cruz feita da planta Estomalina, tamb\u00e9m conhecida como boldo brasileiro ou baiano. Pe\u00e7a \u00fanica. Artes\u00e3 Josi Costa.<\/p>\n","protected":false},"excerpt":{"rendered":"<p>Cruz feita da planta Estomalina, tamb\u00e9m conhecida como boldo brasileiro ou baiano. Pe\u00e7a \u00fanica. Artes\u00e3 Josi Costa.<\/p>\n","protected":false},"featured_media":612,"comment_status":"open","ping_status":"closed","template":"","meta":[],"product_cat":[28],"product_tag":[],"aioseo_notices":[],"_links":{"self":[{"href":"https:\/\/papelmadeira.com.br\/index.php?rest_route=\/wp\/v2\/product\/604"}],"collection":[{"href":"https:\/\/papelmadeira.com.br\/index.php?rest_route=\/wp\/v2\/product"}],"about":[{"href":"https:\/\/papelmadeira.com.br\/index.php?rest_route=\/wp\/v2\/types\/product"}],"replies":[{"embeddable":true,"href":"https:\/\/papelmadeira.com.br\/index.php?rest_route=%2Fwp%2Fv2%2Fcomments&post=604"}],"wp:featuredmedia":[{"embeddable":true,"href":"https:\/\/papelmadeira.com.br\/index.php?rest_route=\/wp\/v2\/media\/612"}],"wp:attachment":[{"href":"https:\/\/papelmadeira.com.br\/index.php?rest_route=%2Fwp%2Fv2%2Fmedia&parent=604"}],"wp:term":[{"taxonomy":"product_cat","embeddable":true,"href":"https:\/\/papelmadeira.com.br\/index.php?rest_route=%2Fwp%2Fv2%2Fproduct_cat&post=604"},{"taxonomy":"product_tag","embeddable":true,"href":"https:\/\/papelmadeira.com.br\/index.php?rest_route=%2Fwp%2Fv2%2Fproduct_tag&post=604"}],"curies":[{"name":"wp","href":"https:\/\/api.w.org\/{rel}","templated":true}]}}