{"id":614,"date":"2021-09-08T08:31:07","date_gmt":"2021-09-08T11:31:07","guid":{"rendered":"https:\/\/papelmadeira.com.br\/?post_type=product&#038;p=614"},"modified":"2022-03-05T16:24:07","modified_gmt":"2022-03-05T19:24:07","slug":"colar-concha-grande-fio-trancado","status":"publish","type":"product","link":"https:\/\/papelmadeira.com.br\/?product=colar-concha-grande-fio-trancado","title":{"rendered":"Colar Concha Grande \u2013 Fio Tran\u00e7ado"},"content":{"rendered":"<p align=\"justify\">Colar Concha grande escultura do mar com fio tran\u00e7ado. Pe\u00e7a \u00fanica. Artes\u00e3 Josi Costa.<\/p>\n","protected":false},"excerpt":{"rendered":"<p align=\"justify\">Colar Concha grande escultura do mar com fio tran\u00e7ado. Pe\u00e7a \u00fanica. Artes\u00e3 Josi Costa.<\/p>\n","protected":false},"featured_media":610,"comment_status":"open","ping_status":"closed","template":"","meta":[],"product_cat":[27],"product_tag":[],"aioseo_notices":[],"_links":{"self":[{"href":"https:\/\/papelmadeira.com.br\/index.php?rest_route=\/wp\/v2\/product\/614"}],"collection":[{"href":"https:\/\/papelmadeira.com.br\/index.php?rest_route=\/wp\/v2\/product"}],"about":[{"href":"https:\/\/papelmadeira.com.br\/index.php?rest_route=\/wp\/v2\/types\/product"}],"replies":[{"embeddable":true,"href":"https:\/\/papelmadeira.com.br\/index.php?rest_route=%2Fwp%2Fv2%2Fcomments&post=614"}],"wp:featuredmedia":[{"embeddable":true,"href":"https:\/\/papelmadeira.com.br\/index.php?rest_route=\/wp\/v2\/media\/610"}],"wp:attachment":[{"href":"https:\/\/papelmadeira.com.br\/index.php?rest_route=%2Fwp%2Fv2%2Fmedia&parent=614"}],"wp:term":[{"taxonomy":"product_cat","embeddable":true,"href":"https:\/\/papelmadeira.com.br\/index.php?rest_route=%2Fwp%2Fv2%2Fproduct_cat&post=614"},{"taxonomy":"product_tag","embeddable":true,"href":"https:\/\/papelmadeira.com.br\/index.php?rest_route=%2Fwp%2Fv2%2Fproduct_tag&post=614"}],"curies":[{"name":"wp","href":"https:\/\/api.w.org\/{rel}","templated":true}]}}