{"id":617,"date":"2021-09-08T08:34:26","date_gmt":"2021-09-08T11:34:26","guid":{"rendered":"https:\/\/papelmadeira.com.br\/?post_type=product&#038;p=617"},"modified":"2021-11-10T07:44:37","modified_gmt":"2021-11-10T10:44:37","slug":"mandala-de-parede","status":"publish","type":"product","link":"https:\/\/papelmadeira.com.br\/?product=mandala-de-parede","title":{"rendered":"Mandala de Parede"},"content":{"rendered":"<p>Mandala de Parede feita no tronco da \u00e1rvore Mangueira contornada com pedras variadas como quartzo rosa, quartzo verde, citrino, jaspe, ametista, entre outras. Pe\u00e7a \u00fanica. Artes\u00e3 Josi Costa.<\/p>\n<p>Aten\u00e7\u00e3o taxa de envio \u00e9 diferenciada para essas pe\u00e7as decorativas que costumam ser grandes e mais pesadas. Assim, a taxa de envio de 25,00 reais n\u00e3o se aplica nesses casos e o valor deve ser combinado entrando em contato com a gente. Agradecemos a compreens\u00e3o de voc\u00eas!<\/p>\n","protected":false},"excerpt":{"rendered":"<p>Mandala de Parede feita no tronco da \u00e1rvore Mangueira contornada com pedras variadas como quartzo rosa, quartzo verde, citrino, jaspe, ametista, entre outras. Pe\u00e7a \u00fanica. Artes\u00e3 Josi Costa.<\/p>\n<p>Aten\u00e7\u00e3o taxa de envio \u00e9 diferenciada para essas pe\u00e7as decorativas que costumam ser grandes e mais pesadas. Assim, a taxa de envio de 25,00 reais n\u00e3o se aplica nesses casos e o valor deve ser combinado entrando em contato com a gente. Agradecemos a compreens\u00e3o de voc\u00eas!<\/p>\n","protected":false},"featured_media":607,"comment_status":"open","ping_status":"closed","template":"","meta":[],"product_cat":[29],"product_tag":[],"aioseo_notices":[],"_links":{"self":[{"href":"https:\/\/papelmadeira.com.br\/index.php?rest_route=\/wp\/v2\/product\/617"}],"collection":[{"href":"https:\/\/papelmadeira.com.br\/index.php?rest_route=\/wp\/v2\/product"}],"about":[{"href":"https:\/\/papelmadeira.com.br\/index.php?rest_route=\/wp\/v2\/types\/product"}],"replies":[{"embeddable":true,"href":"https:\/\/papelmadeira.com.br\/index.php?rest_route=%2Fwp%2Fv2%2Fcomments&post=617"}],"wp:featuredmedia":[{"embeddable":true,"href":"https:\/\/papelmadeira.com.br\/index.php?rest_route=\/wp\/v2\/media\/607"}],"wp:attachment":[{"href":"https:\/\/papelmadeira.com.br\/index.php?rest_route=%2Fwp%2Fv2%2Fmedia&parent=617"}],"wp:term":[{"taxonomy":"product_cat","embeddable":true,"href":"https:\/\/papelmadeira.com.br\/index.php?rest_route=%2Fwp%2Fv2%2Fproduct_cat&post=617"},{"taxonomy":"product_tag","embeddable":true,"href":"https:\/\/papelmadeira.com.br\/index.php?rest_route=%2Fwp%2Fv2%2Fproduct_tag&post=617"}],"curies":[{"name":"wp","href":"https:\/\/api.w.org\/{rel}","templated":true}]}}