{"id":620,"date":"2021-09-08T08:36:31","date_gmt":"2021-09-08T11:36:31","guid":{"rendered":"https:\/\/papelmadeira.com.br\/?post_type=product&#038;p=620"},"modified":"2022-03-05T12:54:34","modified_gmt":"2022-03-05T15:54:34","slug":"colar-conchinha-espiral","status":"publish","type":"product","link":"https:\/\/papelmadeira.com.br\/?product=colar-conchinha-espiral","title":{"rendered":"Colar Conchinha Espiral"},"content":{"rendered":"<p>Colar Conchinha Espiral esculpida pelo mar. Pe\u00e7a \u00fanica. Artes\u00e3 Josi Costa.<\/p>\n","protected":false},"excerpt":{"rendered":"<p>Colar Conchinha Espiral esculpida pelo mar. Pe\u00e7a \u00fanica. Artes\u00e3 Josi Costa.<\/p>\n","protected":false},"featured_media":605,"comment_status":"open","ping_status":"closed","template":"","meta":[],"product_cat":[27],"product_tag":[],"aioseo_notices":[],"_links":{"self":[{"href":"https:\/\/papelmadeira.com.br\/index.php?rest_route=\/wp\/v2\/product\/620"}],"collection":[{"href":"https:\/\/papelmadeira.com.br\/index.php?rest_route=\/wp\/v2\/product"}],"about":[{"href":"https:\/\/papelmadeira.com.br\/index.php?rest_route=\/wp\/v2\/types\/product"}],"replies":[{"embeddable":true,"href":"https:\/\/papelmadeira.com.br\/index.php?rest_route=%2Fwp%2Fv2%2Fcomments&post=620"}],"wp:featuredmedia":[{"embeddable":true,"href":"https:\/\/papelmadeira.com.br\/index.php?rest_route=\/wp\/v2\/media\/605"}],"wp:attachment":[{"href":"https:\/\/papelmadeira.com.br\/index.php?rest_route=%2Fwp%2Fv2%2Fmedia&parent=620"}],"wp:term":[{"taxonomy":"product_cat","embeddable":true,"href":"https:\/\/papelmadeira.com.br\/index.php?rest_route=%2Fwp%2Fv2%2Fproduct_cat&post=620"},{"taxonomy":"product_tag","embeddable":true,"href":"https:\/\/papelmadeira.com.br\/index.php?rest_route=%2Fwp%2Fv2%2Fproduct_tag&post=620"}],"curies":[{"name":"wp","href":"https:\/\/api.w.org\/{rel}","templated":true}]}}