{"id":641,"date":"2021-09-22T10:59:24","date_gmt":"2021-09-22T13:59:24","guid":{"rendered":"https:\/\/papelmadeira.com.br\/?post_type=product&#038;p=641"},"modified":"2021-09-22T11:00:12","modified_gmt":"2021-09-22T14:00:12","slug":"colar-oxala","status":"publish","type":"product","link":"https:\/\/papelmadeira.com.br\/?product=colar-oxala","title":{"rendered":"Colar Oxal\u00e1"},"content":{"rendered":"<p>Colar com pingente de Oxal\u00e1 de bra\u00e7os abertos com mi\u00e7angas brancas peroladas. Artes\u00e3 Josi Costa.<\/p>\n","protected":false},"excerpt":{"rendered":"<p>Colar com pingente de Oxal\u00e1 de bra\u00e7os abertos com mi\u00e7angas brancas peroladas. Artes\u00e3 Josi Costa.<\/p>\n","protected":false},"featured_media":634,"comment_status":"open","ping_status":"closed","template":"","meta":[],"product_cat":[27],"product_tag":[],"aioseo_notices":[],"_links":{"self":[{"href":"https:\/\/papelmadeira.com.br\/index.php?rest_route=\/wp\/v2\/product\/641"}],"collection":[{"href":"https:\/\/papelmadeira.com.br\/index.php?rest_route=\/wp\/v2\/product"}],"about":[{"href":"https:\/\/papelmadeira.com.br\/index.php?rest_route=\/wp\/v2\/types\/product"}],"replies":[{"embeddable":true,"href":"https:\/\/papelmadeira.com.br\/index.php?rest_route=%2Fwp%2Fv2%2Fcomments&post=641"}],"wp:featuredmedia":[{"embeddable":true,"href":"https:\/\/papelmadeira.com.br\/index.php?rest_route=\/wp\/v2\/media\/634"}],"wp:attachment":[{"href":"https:\/\/papelmadeira.com.br\/index.php?rest_route=%2Fwp%2Fv2%2Fmedia&parent=641"}],"wp:term":[{"taxonomy":"product_cat","embeddable":true,"href":"https:\/\/papelmadeira.com.br\/index.php?rest_route=%2Fwp%2Fv2%2Fproduct_cat&post=641"},{"taxonomy":"product_tag","embeddable":true,"href":"https:\/\/papelmadeira.com.br\/index.php?rest_route=%2Fwp%2Fv2%2Fproduct_tag&post=641"}],"curies":[{"name":"wp","href":"https:\/\/api.w.org\/{rel}","templated":true}]}}