{"id":642,"date":"2021-09-22T11:00:31","date_gmt":"2021-09-22T14:00:31","guid":{"rendered":"https:\/\/papelmadeira.com.br\/?post_type=product&#038;p=642"},"modified":"2021-11-10T07:40:50","modified_gmt":"2021-11-10T10:40:50","slug":"cantaro-escuro","status":"publish","type":"product","link":"https:\/\/papelmadeira.com.br\/?product=cantaro-escuro","title":{"rendered":"C\u00e2ntaro Escuro"},"content":{"rendered":"<p>C\u00e2ntaro escuro feito de jornal. Pode ser usado como decora\u00e7\u00e3o, cachep\u00f4 ou para colocar outros objetos.<\/p>\n<p>Pe\u00e7a mede 34 cm de altura e 106 cm de circunfer\u00eancia. Artes\u00e3o Edilson Costa.<\/p>\n<div class=\"woocommerce-product-details__short-description\">\n<p>Aten\u00e7\u00e3o taxa de envio \u00e9 diferenciada para essas pe\u00e7as decorativas que costumam ser grandes e mais pesadas. Assim, a taxa de envio de 25,00 reais n\u00e3o se aplica nesses casos e o valor deve ser combinado entrando em contato com a gente. Agradecemos a compreens\u00e3o de voc\u00eas!<\/p>\n<\/div>\n","protected":false},"excerpt":{"rendered":"<p>C\u00e2ntaro escuro feito de jornal. Pode ser usado como decora\u00e7\u00e3o, cachep\u00f4 ou para colocar outros objetos.<\/p>\n<p>Pe\u00e7a mede 34 cm de altura e 106 cm de circunfer\u00eancia. Artes\u00e3o Edilson Costa.<\/p>\n<div class=\"woocommerce-product-details__short-description\">\n<p>Aten\u00e7\u00e3o taxa de envio \u00e9 diferenciada para essas pe\u00e7as decorativas que costumam ser grandes e mais pesadas. Assim, a taxa de envio de 25,00 reais n\u00e3o se aplica nesses casos e o valor deve ser combinado entrando em contato com a gente. Agradecemos a compreens\u00e3o de voc\u00eas!<\/p>\n<\/div>\n","protected":false},"featured_media":635,"comment_status":"open","ping_status":"closed","template":"","meta":[],"product_cat":[26],"product_tag":[],"aioseo_notices":[],"_links":{"self":[{"href":"https:\/\/papelmadeira.com.br\/index.php?rest_route=\/wp\/v2\/product\/642"}],"collection":[{"href":"https:\/\/papelmadeira.com.br\/index.php?rest_route=\/wp\/v2\/product"}],"about":[{"href":"https:\/\/papelmadeira.com.br\/index.php?rest_route=\/wp\/v2\/types\/product"}],"replies":[{"embeddable":true,"href":"https:\/\/papelmadeira.com.br\/index.php?rest_route=%2Fwp%2Fv2%2Fcomments&post=642"}],"wp:featuredmedia":[{"embeddable":true,"href":"https:\/\/papelmadeira.com.br\/index.php?rest_route=\/wp\/v2\/media\/635"}],"wp:attachment":[{"href":"https:\/\/papelmadeira.com.br\/index.php?rest_route=%2Fwp%2Fv2%2Fmedia&parent=642"}],"wp:term":[{"taxonomy":"product_cat","embeddable":true,"href":"https:\/\/papelmadeira.com.br\/index.php?rest_route=%2Fwp%2Fv2%2Fproduct_cat&post=642"},{"taxonomy":"product_tag","embeddable":true,"href":"https:\/\/papelmadeira.com.br\/index.php?rest_route=%2Fwp%2Fv2%2Fproduct_tag&post=642"}],"curies":[{"name":"wp","href":"https:\/\/api.w.org\/{rel}","templated":true}]}}