{"id":698,"date":"2021-12-04T14:34:12","date_gmt":"2021-12-04T17:34:12","guid":{"rendered":"https:\/\/papelmadeira.com.br\/?post_type=product&#038;p=698"},"modified":"2021-12-06T14:20:17","modified_gmt":"2021-12-06T17:20:17","slug":"oratorio-intermediario-torre-simples","status":"publish","type":"product","link":"https:\/\/papelmadeira.com.br\/?product=oratorio-intermediario-torre-simples","title":{"rendered":"Orat\u00f3rio Torre Tri\u00e2ngulo"},"content":{"rendered":"<p class=\"Standard\">Orat\u00f3rio Torre Tri\u00e2ngulo tamanho intermedi\u00e1rio feito na madeira de cedro. Arte Sacra. Pe\u00e7a \u00fanica. Artes\u00e3o Edvaldo Costa.<\/p>\n<p>Essa pe\u00e7a deve ser comprada presencialmente na loja. Entre em contato para agendamento.<\/p>\n","protected":false},"excerpt":{"rendered":"<p class=\"Standard\">Orat\u00f3rio Torre Tri\u00e2ngulo feito na madeira de cedro. Arte Sacra. Pe\u00e7a \u00fanica. Artes\u00e3o Edvaldo Costa.<\/p>\n<p>Essa pe\u00e7a deve ser comprada presencialmente na loja. Entre em contato para agendamento.<\/p>\n","protected":false},"featured_media":694,"comment_status":"open","ping_status":"closed","template":"","meta":[],"product_cat":[33],"product_tag":[],"aioseo_notices":[],"_links":{"self":[{"href":"https:\/\/papelmadeira.com.br\/index.php?rest_route=\/wp\/v2\/product\/698"}],"collection":[{"href":"https:\/\/papelmadeira.com.br\/index.php?rest_route=\/wp\/v2\/product"}],"about":[{"href":"https:\/\/papelmadeira.com.br\/index.php?rest_route=\/wp\/v2\/types\/product"}],"replies":[{"embeddable":true,"href":"https:\/\/papelmadeira.com.br\/index.php?rest_route=%2Fwp%2Fv2%2Fcomments&post=698"}],"wp:featuredmedia":[{"embeddable":true,"href":"https:\/\/papelmadeira.com.br\/index.php?rest_route=\/wp\/v2\/media\/694"}],"wp:attachment":[{"href":"https:\/\/papelmadeira.com.br\/index.php?rest_route=%2Fwp%2Fv2%2Fmedia&parent=698"}],"wp:term":[{"taxonomy":"product_cat","embeddable":true,"href":"https:\/\/papelmadeira.com.br\/index.php?rest_route=%2Fwp%2Fv2%2Fproduct_cat&post=698"},{"taxonomy":"product_tag","embeddable":true,"href":"https:\/\/papelmadeira.com.br\/index.php?rest_route=%2Fwp%2Fv2%2Fproduct_tag&post=698"}],"curies":[{"name":"wp","href":"https:\/\/api.w.org\/{rel}","templated":true}]}}