{"id":700,"date":"2021-12-04T14:38:32","date_gmt":"2021-12-04T17:38:32","guid":{"rendered":"https:\/\/papelmadeira.com.br\/?post_type=product&#038;p=700"},"modified":"2021-12-08T14:05:10","modified_gmt":"2021-12-08T17:05:10","slug":"oratorio-com-porta-e-tramela-2","status":"publish","type":"product","link":"https:\/\/papelmadeira.com.br\/?product=oratorio-com-porta-e-tramela-2","title":{"rendered":"Orat\u00f3rio com Porta e Tramela"},"content":{"rendered":"<p class=\"Standard\">Orat\u00f3rio com Porta e Tramela porta aberta feita na madeira cedro. Arte Sacra. Pe\u00e7a \u00fanica. Artes\u00e3o Edvaldo Costa.<\/p>\n<p>Essa pe\u00e7a deve ser comprada presencialmente na loja. Entre em contato para agendamento.<\/p>\n","protected":false},"excerpt":{"rendered":"<p class=\"Standard\">Orat\u00f3rio com Porta e Tramela porta aberta. Arte Sacra. Pe\u00e7a \u00fanica. Artes\u00e3o Edvaldo Costa.<\/p>\n<p>Essa pe\u00e7a deve ser comprada presencialmente na loja. Entre em contato para agendamento.<\/p>\n","protected":false},"featured_media":696,"comment_status":"open","ping_status":"closed","template":"","meta":[],"product_cat":[33],"product_tag":[],"aioseo_notices":[],"_links":{"self":[{"href":"https:\/\/papelmadeira.com.br\/index.php?rest_route=\/wp\/v2\/product\/700"}],"collection":[{"href":"https:\/\/papelmadeira.com.br\/index.php?rest_route=\/wp\/v2\/product"}],"about":[{"href":"https:\/\/papelmadeira.com.br\/index.php?rest_route=\/wp\/v2\/types\/product"}],"replies":[{"embeddable":true,"href":"https:\/\/papelmadeira.com.br\/index.php?rest_route=%2Fwp%2Fv2%2Fcomments&post=700"}],"wp:featuredmedia":[{"embeddable":true,"href":"https:\/\/papelmadeira.com.br\/index.php?rest_route=\/wp\/v2\/media\/696"}],"wp:attachment":[{"href":"https:\/\/papelmadeira.com.br\/index.php?rest_route=%2Fwp%2Fv2%2Fmedia&parent=700"}],"wp:term":[{"taxonomy":"product_cat","embeddable":true,"href":"https:\/\/papelmadeira.com.br\/index.php?rest_route=%2Fwp%2Fv2%2Fproduct_cat&post=700"},{"taxonomy":"product_tag","embeddable":true,"href":"https:\/\/papelmadeira.com.br\/index.php?rest_route=%2Fwp%2Fv2%2Fproduct_tag&post=700"}],"curies":[{"name":"wp","href":"https:\/\/api.w.org\/{rel}","templated":true}]}}