{"id":747,"date":"2022-02-23T17:29:24","date_gmt":"2022-02-23T20:29:24","guid":{"rendered":"https:\/\/papelmadeira.com.br\/?post_type=product&#038;p=747"},"modified":"2022-12-07T12:16:34","modified_gmt":"2022-12-07T15:16:34","slug":"sao-miguel-terco-branco-com-2-medalhas","status":"publish","type":"product","link":"https:\/\/papelmadeira.com.br\/?product=sao-miguel-terco-branco-com-2-medalhas","title":{"rendered":"S\u00e3o Miguel \u2013 Ter\u00e7o Branco com 2 medalhas"},"content":{"rendered":"<p>Ter\u00e7o branco de S\u00e3o Miguel (dividido em 9 Sauda\u00e7\u00f5es) com duas belas medalhas do Arcanjo S\u00e3o Miguel. Pe\u00e7a \u00fanica.<\/p>\n<p>Artes\u00e3o Josi Costa.<\/p>\n","protected":false},"excerpt":{"rendered":"<p>Ter\u00e7o branco de S\u00e3o Miguel (dividido em 9 Sauda\u00e7\u00f5es) com duas belas medalhas do Arcanjo S\u00e3o Miguel. Pe\u00e7a \u00fanica.<\/p>\n<p>Artes\u00e3o Josi Costa.<\/p>\n","protected":false},"featured_media":748,"comment_status":"open","ping_status":"closed","template":"","meta":[],"product_cat":[23],"product_tag":[],"aioseo_notices":[],"_links":{"self":[{"href":"https:\/\/papelmadeira.com.br\/index.php?rest_route=\/wp\/v2\/product\/747"}],"collection":[{"href":"https:\/\/papelmadeira.com.br\/index.php?rest_route=\/wp\/v2\/product"}],"about":[{"href":"https:\/\/papelmadeira.com.br\/index.php?rest_route=\/wp\/v2\/types\/product"}],"replies":[{"embeddable":true,"href":"https:\/\/papelmadeira.com.br\/index.php?rest_route=%2Fwp%2Fv2%2Fcomments&post=747"}],"wp:featuredmedia":[{"embeddable":true,"href":"https:\/\/papelmadeira.com.br\/index.php?rest_route=\/wp\/v2\/media\/748"}],"wp:attachment":[{"href":"https:\/\/papelmadeira.com.br\/index.php?rest_route=%2Fwp%2Fv2%2Fmedia&parent=747"}],"wp:term":[{"taxonomy":"product_cat","embeddable":true,"href":"https:\/\/papelmadeira.com.br\/index.php?rest_route=%2Fwp%2Fv2%2Fproduct_cat&post=747"},{"taxonomy":"product_tag","embeddable":true,"href":"https:\/\/papelmadeira.com.br\/index.php?rest_route=%2Fwp%2Fv2%2Fproduct_tag&post=747"}],"curies":[{"name":"wp","href":"https:\/\/api.w.org\/{rel}","templated":true}]}}