{"id":749,"date":"2022-02-23T17:52:12","date_gmt":"2022-02-23T20:52:12","guid":{"rendered":"https:\/\/papelmadeira.com.br\/?post_type=product&#038;p=749"},"modified":"2022-02-23T18:02:06","modified_gmt":"2022-02-23T21:02:06","slug":"mandala-triangular-com-pedras","status":"publish","type":"product","link":"https:\/\/papelmadeira.com.br\/?product=mandala-triangular-com-pedras","title":{"rendered":"Mandala Triangular com Pedras"},"content":{"rendered":"<p>Mandala Triangular de parede feita no tronco da \u00e1rvore Flamboyant com pedras variadas como quartzo verde, ametista, entre outras. Pe\u00e7a \u00fanica. Artes\u00e3 Josi Costa.<\/p>\n<p>Aten\u00e7\u00e3o taxa de envio \u00e9 diferenciada para essas pe\u00e7as decorativas que costumam ser grandes e mais pesadas. Assim, a taxa de envio de 25,00 reais n\u00e3o se aplica nesses casos e o valor deve ser combinado entrando em contato com a gente. Agradecemos a compreens\u00e3o de voc\u00eas!<\/p>\n","protected":false},"excerpt":{"rendered":"<p>Mandala Triangular de parede feita no tronco da \u00e1rvore Flamboyant com pedras variadas como quartzo verde, ametista, entre outras. Pe\u00e7a \u00fanica. Artes\u00e3 Josi Costa.<\/p>\n<p>Aten\u00e7\u00e3o taxa de envio \u00e9 diferenciada para essas pe\u00e7as decorativas que costumam ser grandes e mais pesadas. Assim, a taxa de envio de 25,00 reais n\u00e3o se aplica nesses casos e o valor deve ser combinado entrando em contato com a gente. Agradecemos a compreens\u00e3o de voc\u00eas!<\/p>\n","protected":false},"featured_media":750,"comment_status":"open","ping_status":"closed","template":"","meta":[],"product_cat":[29],"product_tag":[],"aioseo_notices":[],"_links":{"self":[{"href":"https:\/\/papelmadeira.com.br\/index.php?rest_route=\/wp\/v2\/product\/749"}],"collection":[{"href":"https:\/\/papelmadeira.com.br\/index.php?rest_route=\/wp\/v2\/product"}],"about":[{"href":"https:\/\/papelmadeira.com.br\/index.php?rest_route=\/wp\/v2\/types\/product"}],"replies":[{"embeddable":true,"href":"https:\/\/papelmadeira.com.br\/index.php?rest_route=%2Fwp%2Fv2%2Fcomments&post=749"}],"wp:featuredmedia":[{"embeddable":true,"href":"https:\/\/papelmadeira.com.br\/index.php?rest_route=\/wp\/v2\/media\/750"}],"wp:attachment":[{"href":"https:\/\/papelmadeira.com.br\/index.php?rest_route=%2Fwp%2Fv2%2Fmedia&parent=749"}],"wp:term":[{"taxonomy":"product_cat","embeddable":true,"href":"https:\/\/papelmadeira.com.br\/index.php?rest_route=%2Fwp%2Fv2%2Fproduct_cat&post=749"},{"taxonomy":"product_tag","embeddable":true,"href":"https:\/\/papelmadeira.com.br\/index.php?rest_route=%2Fwp%2Fv2%2Fproduct_tag&post=749"}],"curies":[{"name":"wp","href":"https:\/\/api.w.org\/{rel}","templated":true}]}}