{"id":751,"date":"2022-02-23T18:09:11","date_gmt":"2022-02-23T21:09:11","guid":{"rendered":"https:\/\/papelmadeira.com.br\/?post_type=product&#038;p=751"},"modified":"2022-08-20T21:14:18","modified_gmt":"2022-08-21T00:14:18","slug":"xango-chaveiro","status":"publish","type":"product","link":"https:\/\/papelmadeira.com.br\/?product=xango-chaveiro","title":{"rendered":"Xang\u00f4 &#8211; Chaveiro"},"content":{"rendered":"<p>Chaveiro de Xang\u00f4 feito no tronco da \u00e1rvore de Flamboyant. Tr\u00e1s o forte s\u00edmbolo do machado do Orix\u00e1 da Justi\u00e7a. Pe\u00e7a \u00fanica.<\/p>\n<p>#ancestralidade #familiapreta #ax\u00e9<\/p>\n<p>Artes\u00e3 Josi Costa.<\/p>\n","protected":false},"excerpt":{"rendered":"<p>Chaveiro de Xang\u00f4 feito no tronco da \u00e1rvore de Flamboyant. Tr\u00e1s o forte s\u00edmbolo do machado do Orix\u00e1 da Justi\u00e7a. Pe\u00e7a \u00fanica.<\/p>\n<p>#ancestralidade #familiapreta #ax\u00e9<\/p>\n<p>Artes\u00e3 Josi Costa.<\/p>\n","protected":false},"featured_media":753,"comment_status":"open","ping_status":"closed","template":"","meta":[],"product_cat":[35],"product_tag":[],"aioseo_notices":[],"_links":{"self":[{"href":"https:\/\/papelmadeira.com.br\/index.php?rest_route=\/wp\/v2\/product\/751"}],"collection":[{"href":"https:\/\/papelmadeira.com.br\/index.php?rest_route=\/wp\/v2\/product"}],"about":[{"href":"https:\/\/papelmadeira.com.br\/index.php?rest_route=\/wp\/v2\/types\/product"}],"replies":[{"embeddable":true,"href":"https:\/\/papelmadeira.com.br\/index.php?rest_route=%2Fwp%2Fv2%2Fcomments&post=751"}],"wp:featuredmedia":[{"embeddable":true,"href":"https:\/\/papelmadeira.com.br\/index.php?rest_route=\/wp\/v2\/media\/753"}],"wp:attachment":[{"href":"https:\/\/papelmadeira.com.br\/index.php?rest_route=%2Fwp%2Fv2%2Fmedia&parent=751"}],"wp:term":[{"taxonomy":"product_cat","embeddable":true,"href":"https:\/\/papelmadeira.com.br\/index.php?rest_route=%2Fwp%2Fv2%2Fproduct_cat&post=751"},{"taxonomy":"product_tag","embeddable":true,"href":"https:\/\/papelmadeira.com.br\/index.php?rest_route=%2Fwp%2Fv2%2Fproduct_tag&post=751"}],"curies":[{"name":"wp","href":"https:\/\/api.w.org\/{rel}","templated":true}]}}