{"id":754,"date":"2022-02-23T18:28:18","date_gmt":"2022-02-23T21:28:18","guid":{"rendered":"https:\/\/papelmadeira.com.br\/?post_type=product&#038;p=754"},"modified":"2023-09-27T16:16:14","modified_gmt":"2023-09-27T19:16:14","slug":"sao-pedro-oratorio-madeira-brauna","status":"publish","type":"product","link":"https:\/\/papelmadeira.com.br\/?product=sao-pedro-oratorio-madeira-brauna","title":{"rendered":"S\u00e3o Pedro &#8211; Orat\u00f3rio madeira Bra\u00fana"},"content":{"rendered":"<p class=\"Standard\">Orat\u00f3rio de S\u00e3o Pedro feito na madeira de lei Bra\u00fana com detalhes de pedras. Pe\u00e7a \u00fanica.<\/p>\n<p class=\"Standard\">Essa pe\u00e7a deve ser comprada presencialmente na loja devido ao seu peso. Entre em contato para agendamento.<\/p>\n<p>Artes\u00e3 Josi Costa.<\/p>\n","protected":false},"excerpt":{"rendered":"<p class=\"Standard\">Orat\u00f3rio de S\u00e3o Pedro feito na madeira de lei Bra\u00fana com detalhes de pedras. Pe\u00e7a \u00fanica.<\/p>\n<p class=\"Standard\">Essa pe\u00e7a deve ser comprada presencialmente na loja devido ao seu peso. Entre em contato para agendamento.<\/p>\n<p>Artes\u00e3 Josi Costa.<\/p>\n<p>#familiapreta #ancestralidade #f\u00e9 #madeira<\/p>\n","protected":false},"featured_media":755,"comment_status":"open","ping_status":"closed","template":"","meta":[],"product_cat":[30],"product_tag":[],"aioseo_notices":[],"_links":{"self":[{"href":"https:\/\/papelmadeira.com.br\/index.php?rest_route=\/wp\/v2\/product\/754"}],"collection":[{"href":"https:\/\/papelmadeira.com.br\/index.php?rest_route=\/wp\/v2\/product"}],"about":[{"href":"https:\/\/papelmadeira.com.br\/index.php?rest_route=\/wp\/v2\/types\/product"}],"replies":[{"embeddable":true,"href":"https:\/\/papelmadeira.com.br\/index.php?rest_route=%2Fwp%2Fv2%2Fcomments&post=754"}],"wp:featuredmedia":[{"embeddable":true,"href":"https:\/\/papelmadeira.com.br\/index.php?rest_route=\/wp\/v2\/media\/755"}],"wp:attachment":[{"href":"https:\/\/papelmadeira.com.br\/index.php?rest_route=%2Fwp%2Fv2%2Fmedia&parent=754"}],"wp:term":[{"taxonomy":"product_cat","embeddable":true,"href":"https:\/\/papelmadeira.com.br\/index.php?rest_route=%2Fwp%2Fv2%2Fproduct_cat&post=754"},{"taxonomy":"product_tag","embeddable":true,"href":"https:\/\/papelmadeira.com.br\/index.php?rest_route=%2Fwp%2Fv2%2Fproduct_tag&post=754"}],"curies":[{"name":"wp","href":"https:\/\/api.w.org\/{rel}","templated":true}]}}