{"id":758,"date":"2022-02-23T19:04:44","date_gmt":"2022-02-23T22:04:44","guid":{"rendered":"https:\/\/papelmadeira.com.br\/?post_type=product&#038;p=758"},"modified":"2022-08-20T21:13:30","modified_gmt":"2022-08-21T00:13:30","slug":"sagrado-coracao-de-jesus-oratorio","status":"publish","type":"product","link":"https:\/\/papelmadeira.com.br\/?product=sagrado-coracao-de-jesus-oratorio","title":{"rendered":"Sagrado Cora\u00e7\u00e3o de Jesus &#8211; Orat\u00f3rio"},"content":{"rendered":"<p>Orat\u00f3rio Sagrado Cora\u00e7\u00e3o de Jesus com caminho de pequenos cristais variados com a base de Cip\u00f3 de Jurema.<\/p>\n<p>Pe\u00e7a \u00fanica.<\/p>\n<p>Devido \u00e0 delicadeza essa pe\u00e7a deve ser comprada na loja com agendamento pr\u00e9vio.<\/p>\n<p>Artes\u00e3 Josi Costa<\/p>\n","protected":false},"excerpt":{"rendered":"<p>Orat\u00f3rio Sagrado Cora\u00e7\u00e3o de Jesus com caminho de pequenos cristais variados com a base de Cip\u00f3 de Jurema..<\/p>\n<p>Pe\u00e7a \u00fanica.<\/p>\n<p>Devido \u00e0 delicadeza essa pe\u00e7a deve ser comprada na loja com agendamento pr\u00e9vio.<\/p>\n<p>Artes\u00e3 Josi Costa<\/p>\n<p>#sagradocoracaodejesus #f\u00e9 #familiapreta #ancestralidade #pedras #respeito #ax\u00e9<\/p>\n","protected":false},"featured_media":759,"comment_status":"open","ping_status":"closed","template":"","meta":[],"product_cat":[30],"product_tag":[],"aioseo_notices":[],"_links":{"self":[{"href":"https:\/\/papelmadeira.com.br\/index.php?rest_route=\/wp\/v2\/product\/758"}],"collection":[{"href":"https:\/\/papelmadeira.com.br\/index.php?rest_route=\/wp\/v2\/product"}],"about":[{"href":"https:\/\/papelmadeira.com.br\/index.php?rest_route=\/wp\/v2\/types\/product"}],"replies":[{"embeddable":true,"href":"https:\/\/papelmadeira.com.br\/index.php?rest_route=%2Fwp%2Fv2%2Fcomments&post=758"}],"wp:featuredmedia":[{"embeddable":true,"href":"https:\/\/papelmadeira.com.br\/index.php?rest_route=\/wp\/v2\/media\/759"}],"wp:attachment":[{"href":"https:\/\/papelmadeira.com.br\/index.php?rest_route=%2Fwp%2Fv2%2Fmedia&parent=758"}],"wp:term":[{"taxonomy":"product_cat","embeddable":true,"href":"https:\/\/papelmadeira.com.br\/index.php?rest_route=%2Fwp%2Fv2%2Fproduct_cat&post=758"},{"taxonomy":"product_tag","embeddable":true,"href":"https:\/\/papelmadeira.com.br\/index.php?rest_route=%2Fwp%2Fv2%2Fproduct_tag&post=758"}],"curies":[{"name":"wp","href":"https:\/\/api.w.org\/{rel}","templated":true}]}}