{"id":767,"date":"2022-03-05T14:39:43","date_gmt":"2022-03-05T17:39:43","guid":{"rendered":"https:\/\/papelmadeira.com.br\/?post_type=product&#038;p=767"},"modified":"2022-03-05T14:46:23","modified_gmt":"2022-03-05T17:46:23","slug":"colar-de-cristal","status":"publish","type":"product","link":"https:\/\/papelmadeira.com.br\/?product=colar-de-cristal","title":{"rendered":"Colar de Cristal"},"content":{"rendered":"<p>Colar de Cristal de Quartzo. Esse cristal tem grande capacidade de purifica\u00e7\u00e3o, energiza\u00e7\u00e3o e tamb\u00e9m simboliza sabedoria e muitas outras coisas! Presente da natureza!<\/p>\n<p>Pe\u00e7a \u00fanica. Artes\u00e3 Josi Costa.<\/p>\n<p>&nbsp;<\/p>\n","protected":false},"excerpt":{"rendered":"<p>Colar de Cristal de Quartzo. Esse cristal tem grande capacidade de purifica\u00e7\u00e3o, energiza\u00e7\u00e3o e tamb\u00e9m simboliza sabedoria e muitas outras coisas! Presente da natureza!<\/p>\n<p>Pe\u00e7a \u00fanica. Artes\u00e3 Josi Costa.<\/p>\n","protected":false},"featured_media":768,"comment_status":"open","ping_status":"closed","template":"","meta":[],"product_cat":[27],"product_tag":[],"aioseo_notices":[],"_links":{"self":[{"href":"https:\/\/papelmadeira.com.br\/index.php?rest_route=\/wp\/v2\/product\/767"}],"collection":[{"href":"https:\/\/papelmadeira.com.br\/index.php?rest_route=\/wp\/v2\/product"}],"about":[{"href":"https:\/\/papelmadeira.com.br\/index.php?rest_route=\/wp\/v2\/types\/product"}],"replies":[{"embeddable":true,"href":"https:\/\/papelmadeira.com.br\/index.php?rest_route=%2Fwp%2Fv2%2Fcomments&post=767"}],"wp:featuredmedia":[{"embeddable":true,"href":"https:\/\/papelmadeira.com.br\/index.php?rest_route=\/wp\/v2\/media\/768"}],"wp:attachment":[{"href":"https:\/\/papelmadeira.com.br\/index.php?rest_route=%2Fwp%2Fv2%2Fmedia&parent=767"}],"wp:term":[{"taxonomy":"product_cat","embeddable":true,"href":"https:\/\/papelmadeira.com.br\/index.php?rest_route=%2Fwp%2Fv2%2Fproduct_cat&post=767"},{"taxonomy":"product_tag","embeddable":true,"href":"https:\/\/papelmadeira.com.br\/index.php?rest_route=%2Fwp%2Fv2%2Fproduct_tag&post=767"}],"curies":[{"name":"wp","href":"https:\/\/api.w.org\/{rel}","templated":true}]}}