{"id":769,"date":"2022-03-05T14:51:06","date_gmt":"2022-03-05T17:51:06","guid":{"rendered":"https:\/\/papelmadeira.com.br\/?post_type=product&#038;p=769"},"modified":"2022-03-05T14:56:58","modified_gmt":"2022-03-05T17:56:58","slug":"colar-oval-pedra-branca","status":"publish","type":"product","link":"https:\/\/papelmadeira.com.br\/?product=colar-oval-pedra-branca","title":{"rendered":"Colar Oval Pedra Branca"},"content":{"rendered":"<p>Colar Oval Pedra Branca esculpido pelo mar e o tempo. A cor branca remete a paz. Presente da natureza!<\/p>\n<p>Pe\u00e7a \u00fanica. Artes\u00e3 Josi Costa.<\/p>\n<p>&nbsp;<\/p>\n","protected":false},"excerpt":{"rendered":"<p>Colar Oval Pedra Branca esculpido pelo mar e o tempo. A cor branca remete a paz.Presente da natureza!<\/p>\n<p>Pe\u00e7a \u00fanica. Artes\u00e3 Josi Costa.<\/p>\n","protected":false},"featured_media":770,"comment_status":"open","ping_status":"closed","template":"","meta":[],"product_cat":[27],"product_tag":[],"aioseo_notices":[],"_links":{"self":[{"href":"https:\/\/papelmadeira.com.br\/index.php?rest_route=\/wp\/v2\/product\/769"}],"collection":[{"href":"https:\/\/papelmadeira.com.br\/index.php?rest_route=\/wp\/v2\/product"}],"about":[{"href":"https:\/\/papelmadeira.com.br\/index.php?rest_route=\/wp\/v2\/types\/product"}],"replies":[{"embeddable":true,"href":"https:\/\/papelmadeira.com.br\/index.php?rest_route=%2Fwp%2Fv2%2Fcomments&post=769"}],"wp:featuredmedia":[{"embeddable":true,"href":"https:\/\/papelmadeira.com.br\/index.php?rest_route=\/wp\/v2\/media\/770"}],"wp:attachment":[{"href":"https:\/\/papelmadeira.com.br\/index.php?rest_route=%2Fwp%2Fv2%2Fmedia&parent=769"}],"wp:term":[{"taxonomy":"product_cat","embeddable":true,"href":"https:\/\/papelmadeira.com.br\/index.php?rest_route=%2Fwp%2Fv2%2Fproduct_cat&post=769"},{"taxonomy":"product_tag","embeddable":true,"href":"https:\/\/papelmadeira.com.br\/index.php?rest_route=%2Fwp%2Fv2%2Fproduct_tag&post=769"}],"curies":[{"name":"wp","href":"https:\/\/api.w.org\/{rel}","templated":true}]}}