{"id":776,"date":"2022-03-05T15:27:52","date_gmt":"2022-03-05T18:27:52","guid":{"rendered":"https:\/\/papelmadeira.com.br\/?post_type=product&#038;p=776"},"modified":"2022-03-05T15:36:49","modified_gmt":"2022-03-05T18:36:49","slug":"colar-pau-ferro","status":"publish","type":"product","link":"https:\/\/papelmadeira.com.br\/?product=colar-pau-ferro","title":{"rendered":"Colar Pau Ferro"},"content":{"rendered":"<p>Colar de semente da \u00e1rvore Pau Ferro. Essa arvore traz a for\u00e7a e a resist\u00eancia do ferro e sua semente quando balan\u00e7ada emite o som de chocalho. Fica a reflex\u00e3o sobre a resist\u00eancia e a flexibilidade trazida pelo som da semente contidas na mesma arvore. Presente da natureza!<\/p>\n<p>Pe\u00e7a \u00fanica. Artes\u00e3 Josi Costa.<\/p>\n<p>&nbsp;<\/p>\n","protected":false},"excerpt":{"rendered":"<p>Colar de semente da \u00e1rvore Pau Ferro. Essa arvore traz a for\u00e7a e a resist\u00eancia do ferro e sua semente quando balan\u00e7ada emite o som de chocalho. Fica a reflex\u00e3o sobre a resist\u00eancia e a flexibilidade trazida pelo som da semente contidas na mesma arvore. Presente da natureza!<\/p>\n<p>Pe\u00e7a \u00fanica. Artes\u00e3 Josi Costa.<\/p>\n<p>&nbsp;<\/p>\n","protected":false},"featured_media":777,"comment_status":"open","ping_status":"closed","template":"","meta":[],"product_cat":[27],"product_tag":[],"aioseo_notices":[],"_links":{"self":[{"href":"https:\/\/papelmadeira.com.br\/index.php?rest_route=\/wp\/v2\/product\/776"}],"collection":[{"href":"https:\/\/papelmadeira.com.br\/index.php?rest_route=\/wp\/v2\/product"}],"about":[{"href":"https:\/\/papelmadeira.com.br\/index.php?rest_route=\/wp\/v2\/types\/product"}],"replies":[{"embeddable":true,"href":"https:\/\/papelmadeira.com.br\/index.php?rest_route=%2Fwp%2Fv2%2Fcomments&post=776"}],"wp:featuredmedia":[{"embeddable":true,"href":"https:\/\/papelmadeira.com.br\/index.php?rest_route=\/wp\/v2\/media\/777"}],"wp:attachment":[{"href":"https:\/\/papelmadeira.com.br\/index.php?rest_route=%2Fwp%2Fv2%2Fmedia&parent=776"}],"wp:term":[{"taxonomy":"product_cat","embeddable":true,"href":"https:\/\/papelmadeira.com.br\/index.php?rest_route=%2Fwp%2Fv2%2Fproduct_cat&post=776"},{"taxonomy":"product_tag","embeddable":true,"href":"https:\/\/papelmadeira.com.br\/index.php?rest_route=%2Fwp%2Fv2%2Fproduct_tag&post=776"}],"curies":[{"name":"wp","href":"https:\/\/api.w.org\/{rel}","templated":true}]}}