{"id":778,"date":"2022-03-05T15:39:25","date_gmt":"2022-03-05T18:39:25","guid":{"rendered":"https:\/\/papelmadeira.com.br\/?post_type=product&#038;p=778"},"modified":"2022-09-24T19:17:42","modified_gmt":"2022-09-24T22:17:42","slug":"colar-mangueira-redondo","status":"publish","type":"product","link":"https:\/\/papelmadeira.com.br\/?product=colar-mangueira-redondo","title":{"rendered":"Colar Mangueira Redondo"},"content":{"rendered":"<p>Colar do tronco da Mangueira. Essa madeira foi curtida no sol e na chuva por mais de 6 meses. A arvore da mangueira tem muito ax\u00e9 para quem \u00e9 de ax\u00e9! Presente da natureza!<\/p>\n<p>Pe\u00e7a \u00fanica. Artes\u00e3 Josi Costa.<\/p>\n<p>&nbsp;<\/p>\n","protected":false},"excerpt":{"rendered":"<p>Colar do tronco da Mangueira. Essa madeira foi curtida no sol e na chuva por mais de 6 meses. A arvore da mangueira tem muito ax\u00e9 para quem \u00e9 de ax\u00e9! Presente da natureza!<\/p>\n<p>Pe\u00e7a \u00fanica. Artes\u00e3 Josi Costa.<\/p>\n<p>&nbsp;<\/p>\n","protected":false},"featured_media":779,"comment_status":"open","ping_status":"closed","template":"","meta":[],"product_cat":[27],"product_tag":[],"aioseo_notices":[],"_links":{"self":[{"href":"https:\/\/papelmadeira.com.br\/index.php?rest_route=\/wp\/v2\/product\/778"}],"collection":[{"href":"https:\/\/papelmadeira.com.br\/index.php?rest_route=\/wp\/v2\/product"}],"about":[{"href":"https:\/\/papelmadeira.com.br\/index.php?rest_route=\/wp\/v2\/types\/product"}],"replies":[{"embeddable":true,"href":"https:\/\/papelmadeira.com.br\/index.php?rest_route=%2Fwp%2Fv2%2Fcomments&post=778"}],"wp:featuredmedia":[{"embeddable":true,"href":"https:\/\/papelmadeira.com.br\/index.php?rest_route=\/wp\/v2\/media\/779"}],"wp:attachment":[{"href":"https:\/\/papelmadeira.com.br\/index.php?rest_route=%2Fwp%2Fv2%2Fmedia&parent=778"}],"wp:term":[{"taxonomy":"product_cat","embeddable":true,"href":"https:\/\/papelmadeira.com.br\/index.php?rest_route=%2Fwp%2Fv2%2Fproduct_cat&post=778"},{"taxonomy":"product_tag","embeddable":true,"href":"https:\/\/papelmadeira.com.br\/index.php?rest_route=%2Fwp%2Fv2%2Fproduct_tag&post=778"}],"curies":[{"name":"wp","href":"https:\/\/api.w.org\/{rel}","templated":true}]}}