{"id":786,"date":"2022-03-05T16:14:21","date_gmt":"2022-03-05T19:14:21","guid":{"rendered":"https:\/\/papelmadeira.com.br\/?post_type=product&#038;p=786"},"modified":"2022-03-05T16:21:05","modified_gmt":"2022-03-05T19:21:05","slug":"colar-lichia","status":"publish","type":"product","link":"https:\/\/papelmadeira.com.br\/?product=colar-lichia","title":{"rendered":"Colar Lichia"},"content":{"rendered":"<p>Colar da semente de Lichia! Presente da natureza!<\/p>\n<p>Pe\u00e7a \u00fanica. Artes\u00e3 Josi Costa.<\/p>\n<p>&nbsp;<\/p>\n","protected":false},"excerpt":{"rendered":"<p>Colar da semente de Lichia! Presente da natureza!<\/p>\n<p>Pe\u00e7a \u00fanica. Artes\u00e3 Josi Costa.<\/p>\n","protected":false},"featured_media":787,"comment_status":"open","ping_status":"closed","template":"","meta":[],"product_cat":[27],"product_tag":[],"aioseo_notices":[],"_links":{"self":[{"href":"https:\/\/papelmadeira.com.br\/index.php?rest_route=\/wp\/v2\/product\/786"}],"collection":[{"href":"https:\/\/papelmadeira.com.br\/index.php?rest_route=\/wp\/v2\/product"}],"about":[{"href":"https:\/\/papelmadeira.com.br\/index.php?rest_route=\/wp\/v2\/types\/product"}],"replies":[{"embeddable":true,"href":"https:\/\/papelmadeira.com.br\/index.php?rest_route=%2Fwp%2Fv2%2Fcomments&post=786"}],"wp:featuredmedia":[{"embeddable":true,"href":"https:\/\/papelmadeira.com.br\/index.php?rest_route=\/wp\/v2\/media\/787"}],"wp:attachment":[{"href":"https:\/\/papelmadeira.com.br\/index.php?rest_route=%2Fwp%2Fv2%2Fmedia&parent=786"}],"wp:term":[{"taxonomy":"product_cat","embeddable":true,"href":"https:\/\/papelmadeira.com.br\/index.php?rest_route=%2Fwp%2Fv2%2Fproduct_cat&post=786"},{"taxonomy":"product_tag","embeddable":true,"href":"https:\/\/papelmadeira.com.br\/index.php?rest_route=%2Fwp%2Fv2%2Fproduct_tag&post=786"}],"curies":[{"name":"wp","href":"https:\/\/api.w.org\/{rel}","templated":true}]}}