{"id":789,"date":"2022-04-20T14:44:06","date_gmt":"2022-04-20T17:44:06","guid":{"rendered":"https:\/\/papelmadeira.com.br\/?post_type=product&#038;p=789"},"modified":"2022-04-20T15:00:37","modified_gmt":"2022-04-20T18:00:37","slug":"terco-de-sao-jorge","status":"publish","type":"product","link":"https:\/\/papelmadeira.com.br\/?product=terco-de-sao-jorge","title":{"rendered":"Ter\u00e7o de S\u00e3o Jorge"},"content":{"rendered":"<p>Ter\u00e7o de S\u00e3o Jorge! Pode ser colocado na parede ou usado no pesco\u00e7o.<\/p>\n<p>Feito de mi\u00e7angas de madeira, mi\u00e7angas azuis e com a estrela na Salve Rainha. Ax\u00e9 para quem \u00e9 de ax\u00e9! Ogunh\u00ea!<br \/>\n#saojorge #ogum #umbanda #candombl\u00e9 #f\u00e9 #ax\u00e9<\/p>\n<p>Pe\u00e7a \u00fanica. Artes\u00e3 Josi Costa.<\/p>\n<p>&nbsp;<\/p>\n","protected":false},"excerpt":{"rendered":"<p>Ter\u00e7o de S\u00e3o Jorge! Pode ser colocado na parede ou usado no pesco\u00e7o. Feito de mi\u00e7angas de madeira, mi\u00e7angas azuis e com a estrela na Salve Rainha. Ax\u00e9 para quem \u00e9 de ax\u00e9! Ogunh\u00ea!<br \/>\n#saojorge #ogum #umbanda #candombl\u00e9 #f\u00e9<\/p>\n<p>Pe\u00e7a \u00fanica. Artes\u00e3 Josi Costa.<\/p>\n","protected":false},"featured_media":790,"comment_status":"open","ping_status":"closed","template":"","meta":[],"product_cat":[23],"product_tag":[39,43,38,41,42,44,40,45,37,36],"aioseo_notices":[],"_links":{"self":[{"href":"https:\/\/papelmadeira.com.br\/index.php?rest_route=\/wp\/v2\/product\/789"}],"collection":[{"href":"https:\/\/papelmadeira.com.br\/index.php?rest_route=\/wp\/v2\/product"}],"about":[{"href":"https:\/\/papelmadeira.com.br\/index.php?rest_route=\/wp\/v2\/types\/product"}],"replies":[{"embeddable":true,"href":"https:\/\/papelmadeira.com.br\/index.php?rest_route=%2Fwp%2Fv2%2Fcomments&post=789"}],"wp:featuredmedia":[{"embeddable":true,"href":"https:\/\/papelmadeira.com.br\/index.php?rest_route=\/wp\/v2\/media\/790"}],"wp:attachment":[{"href":"https:\/\/papelmadeira.com.br\/index.php?rest_route=%2Fwp%2Fv2%2Fmedia&parent=789"}],"wp:term":[{"taxonomy":"product_cat","embeddable":true,"href":"https:\/\/papelmadeira.com.br\/index.php?rest_route=%2Fwp%2Fv2%2Fproduct_cat&post=789"},{"taxonomy":"product_tag","embeddable":true,"href":"https:\/\/papelmadeira.com.br\/index.php?rest_route=%2Fwp%2Fv2%2Fproduct_tag&post=789"}],"curies":[{"name":"wp","href":"https:\/\/api.w.org\/{rel}","templated":true}]}}