{"id":797,"date":"2022-07-12T15:23:36","date_gmt":"2022-07-12T18:23:36","guid":{"rendered":"https:\/\/papelmadeira.com.br\/?post_type=product&#038;p=797"},"modified":"2022-07-12T16:10:51","modified_gmt":"2022-07-12T19:10:51","slug":"colar-geodo-azulado","status":"publish","type":"product","link":"https:\/\/papelmadeira.com.br\/?product=colar-geodo-azulado","title":{"rendered":"Colar Geodo Azulado"},"content":{"rendered":"<p>Colar Geodo com tonalidades de azul, branco, beige e cristal transparente. O geado para se formar reuni os 4 elementos: terra, agu\u00e1, fogo e ar em uma s\u00f3 pedra. Presente da natureza!<\/p>\n<p>Pe\u00e7a \u00fanica. Artes\u00e3 Josi Costa.<\/p>\n<p>&nbsp;<\/p>\n","protected":false},"excerpt":{"rendered":"<p>Colar Geodo com tonalidades de azul, branco, beige e cristal transparente. O geado para se formar reuni os 4 elementos: terra, agu\u00e1, fogo e ar em uma s\u00f3 pedra. Presente da natureza!<\/p>\n<p>Pe\u00e7a \u00fanica. Artes\u00e3 Josi Costa.<\/p>\n","protected":false},"featured_media":798,"comment_status":"open","ping_status":"closed","template":"","meta":[],"product_cat":[27],"product_tag":[46,49,48,50,47,51],"aioseo_notices":[],"_links":{"self":[{"href":"https:\/\/papelmadeira.com.br\/index.php?rest_route=\/wp\/v2\/product\/797"}],"collection":[{"href":"https:\/\/papelmadeira.com.br\/index.php?rest_route=\/wp\/v2\/product"}],"about":[{"href":"https:\/\/papelmadeira.com.br\/index.php?rest_route=\/wp\/v2\/types\/product"}],"replies":[{"embeddable":true,"href":"https:\/\/papelmadeira.com.br\/index.php?rest_route=%2Fwp%2Fv2%2Fcomments&post=797"}],"wp:featuredmedia":[{"embeddable":true,"href":"https:\/\/papelmadeira.com.br\/index.php?rest_route=\/wp\/v2\/media\/798"}],"wp:attachment":[{"href":"https:\/\/papelmadeira.com.br\/index.php?rest_route=%2Fwp%2Fv2%2Fmedia&parent=797"}],"wp:term":[{"taxonomy":"product_cat","embeddable":true,"href":"https:\/\/papelmadeira.com.br\/index.php?rest_route=%2Fwp%2Fv2%2Fproduct_cat&post=797"},{"taxonomy":"product_tag","embeddable":true,"href":"https:\/\/papelmadeira.com.br\/index.php?rest_route=%2Fwp%2Fv2%2Fproduct_tag&post=797"}],"curies":[{"name":"wp","href":"https:\/\/api.w.org\/{rel}","templated":true}]}}