{"id":799,"date":"2022-07-12T15:38:44","date_gmt":"2022-07-12T18:38:44","guid":{"rendered":"https:\/\/papelmadeira.com.br\/?post_type=product&#038;p=799"},"modified":"2022-07-12T15:45:40","modified_gmt":"2022-07-12T18:45:40","slug":"tercinho-sao-bento","status":"publish","type":"product","link":"https:\/\/papelmadeira.com.br\/?product=tercinho-sao-bento","title":{"rendered":"Tercinho S\u00e3o Bento"},"content":{"rendered":"<p>Ter\u00e7o de S\u00e3o Bento com 3 mist\u00e9rios. Salve Rainha com medalha de S\u00e3o Bento e cruz de metal. Pe\u00e7a \u00fanica.<\/p>\n<p>Artes\u00e3 Josi Costa.<\/p>\n","protected":false},"excerpt":{"rendered":"<p>Ter\u00e7o de S\u00e3o Bento com 3 mist\u00e9rios. Salve Rainha com medalha de S\u00e3o Bento e cruz de metal. Pe\u00e7a \u00fanica.<\/p>\n<p>Artes\u00e3 Josi Costa.<\/p>\n","protected":false},"featured_media":800,"comment_status":"open","ping_status":"closed","template":"","meta":[],"product_cat":[23],"product_tag":[],"aioseo_notices":[],"_links":{"self":[{"href":"https:\/\/papelmadeira.com.br\/index.php?rest_route=\/wp\/v2\/product\/799"}],"collection":[{"href":"https:\/\/papelmadeira.com.br\/index.php?rest_route=\/wp\/v2\/product"}],"about":[{"href":"https:\/\/papelmadeira.com.br\/index.php?rest_route=\/wp\/v2\/types\/product"}],"replies":[{"embeddable":true,"href":"https:\/\/papelmadeira.com.br\/index.php?rest_route=%2Fwp%2Fv2%2Fcomments&post=799"}],"wp:featuredmedia":[{"embeddable":true,"href":"https:\/\/papelmadeira.com.br\/index.php?rest_route=\/wp\/v2\/media\/800"}],"wp:attachment":[{"href":"https:\/\/papelmadeira.com.br\/index.php?rest_route=%2Fwp%2Fv2%2Fmedia&parent=799"}],"wp:term":[{"taxonomy":"product_cat","embeddable":true,"href":"https:\/\/papelmadeira.com.br\/index.php?rest_route=%2Fwp%2Fv2%2Fproduct_cat&post=799"},{"taxonomy":"product_tag","embeddable":true,"href":"https:\/\/papelmadeira.com.br\/index.php?rest_route=%2Fwp%2Fv2%2Fproduct_tag&post=799"}],"curies":[{"name":"wp","href":"https:\/\/api.w.org\/{rel}","templated":true}]}}