{"id":801,"date":"2022-07-12T15:49:35","date_gmt":"2022-07-12T18:49:35","guid":{"rendered":"https:\/\/papelmadeira.com.br\/?post_type=product&#038;p=801"},"modified":"2022-12-07T12:20:44","modified_gmt":"2022-12-07T15:20:44","slug":"terco-de-conta-de-lagrimas","status":"publish","type":"product","link":"https:\/\/papelmadeira.com.br\/?product=terco-de-conta-de-lagrimas","title":{"rendered":"Ter\u00e7o de Conta de L\u00e1grimas"},"content":{"rendered":"<p>Ter\u00e7o de Conta de L\u00e1grimas, com Pai Nosso de Saboneteira (tamb\u00e9m conhecida com Caet\u00e9), Salve Rainha de tronco de Pau Ferro e a cruz de Aroeira Salsa.<\/p>\n<p>Ax\u00e9 para quem \u00e9 de ax\u00e9!<br \/>\n#cristao #umbanda #candombl\u00e9 #f\u00e9 #ax\u00e9<\/p>\n<p>Pe\u00e7a \u00fanica. Artes\u00e3 Josi Costa.<\/p>\n<p>&nbsp;<\/p>\n","protected":false},"excerpt":{"rendered":"<p>Ter\u00e7o de Conta de L\u00e1grimas, com Pai Nosso de Saboneteira (tamb\u00e9m conhecida com Caet\u00e9), Salve Rainha de tronco de Pau Ferro e a cruz de Aroeira Salsa.<\/p>\n<p>Ax\u00e9 para quem \u00e9 de ax\u00e9!<br \/>\n#cristao #umbanda #candombl\u00e9 #f\u00e9 #ax\u00e9<\/p>\n<p>Pe\u00e7a \u00fanica. Artes\u00e3 Josi Costa.<\/p>\n","protected":false},"featured_media":802,"comment_status":"open","ping_status":"closed","template":"","meta":[],"product_cat":[23],"product_tag":[57,53,39,43,56,52,38,42,55,58,44,54,59,45,37,36],"aioseo_notices":[],"_links":{"self":[{"href":"https:\/\/papelmadeira.com.br\/index.php?rest_route=\/wp\/v2\/product\/801"}],"collection":[{"href":"https:\/\/papelmadeira.com.br\/index.php?rest_route=\/wp\/v2\/product"}],"about":[{"href":"https:\/\/papelmadeira.com.br\/index.php?rest_route=\/wp\/v2\/types\/product"}],"replies":[{"embeddable":true,"href":"https:\/\/papelmadeira.com.br\/index.php?rest_route=%2Fwp%2Fv2%2Fcomments&post=801"}],"wp:featuredmedia":[{"embeddable":true,"href":"https:\/\/papelmadeira.com.br\/index.php?rest_route=\/wp\/v2\/media\/802"}],"wp:attachment":[{"href":"https:\/\/papelmadeira.com.br\/index.php?rest_route=%2Fwp%2Fv2%2Fmedia&parent=801"}],"wp:term":[{"taxonomy":"product_cat","embeddable":true,"href":"https:\/\/papelmadeira.com.br\/index.php?rest_route=%2Fwp%2Fv2%2Fproduct_cat&post=801"},{"taxonomy":"product_tag","embeddable":true,"href":"https:\/\/papelmadeira.com.br\/index.php?rest_route=%2Fwp%2Fv2%2Fproduct_tag&post=801"}],"curies":[{"name":"wp","href":"https:\/\/api.w.org\/{rel}","templated":true}]}}