{"id":828,"date":"2023-09-27T15:49:42","date_gmt":"2023-09-27T18:49:42","guid":{"rendered":"https:\/\/papelmadeira.com.br\/?post_type=product&#038;p=828"},"modified":"2023-09-27T16:09:18","modified_gmt":"2023-09-27T19:09:18","slug":"brinco-azul-com-semente-de-magnolia","status":"publish","type":"product","link":"https:\/\/papelmadeira.com.br\/?product=brinco-azul-com-semente-de-magnolia","title":{"rendered":"Brinco Azul com Semente de Magn\u00f3lia"},"content":{"rendered":"<p>Brinco de revista azul feito com mi\u00e7anga de madeira e pingente de semente de magn\u00f3lia.<\/p>\n","protected":false},"excerpt":{"rendered":"<p>Brinco de revista feito com mi\u00e7anga de madeira.<\/p>\n","protected":false},"featured_media":829,"comment_status":"open","ping_status":"closed","template":"","meta":[],"product_cat":[21],"product_tag":[67,73,66,68,69,72,71,70],"aioseo_notices":[],"_links":{"self":[{"href":"https:\/\/papelmadeira.com.br\/index.php?rest_route=\/wp\/v2\/product\/828"}],"collection":[{"href":"https:\/\/papelmadeira.com.br\/index.php?rest_route=\/wp\/v2\/product"}],"about":[{"href":"https:\/\/papelmadeira.com.br\/index.php?rest_route=\/wp\/v2\/types\/product"}],"replies":[{"embeddable":true,"href":"https:\/\/papelmadeira.com.br\/index.php?rest_route=%2Fwp%2Fv2%2Fcomments&post=828"}],"wp:featuredmedia":[{"embeddable":true,"href":"https:\/\/papelmadeira.com.br\/index.php?rest_route=\/wp\/v2\/media\/829"}],"wp:attachment":[{"href":"https:\/\/papelmadeira.com.br\/index.php?rest_route=%2Fwp%2Fv2%2Fmedia&parent=828"}],"wp:term":[{"taxonomy":"product_cat","embeddable":true,"href":"https:\/\/papelmadeira.com.br\/index.php?rest_route=%2Fwp%2Fv2%2Fproduct_cat&post=828"},{"taxonomy":"product_tag","embeddable":true,"href":"https:\/\/papelmadeira.com.br\/index.php?rest_route=%2Fwp%2Fv2%2Fproduct_tag&post=828"}],"curies":[{"name":"wp","href":"https:\/\/api.w.org\/{rel}","templated":true}]}}