{"id":88,"date":"2019-10-16T09:39:36","date_gmt":"2019-10-16T12:39:36","guid":{"rendered":"https:\/\/bridge267.qodeinteractive.com\/?post_type=product&#038;p=88"},"modified":"2022-04-20T15:04:54","modified_gmt":"2022-04-20T18:04:54","slug":"handmade-plate","status":"publish","type":"product","link":"https:\/\/papelmadeira.com.br\/?product=handmade-plate","title":{"rendered":"Ter\u00e7o Cruz de Loiro Vermelho \u2013 Cer\u00e2mica"},"content":{"rendered":"<p>Ter\u00e7o com cruz da \u00e1rvore de Loiro, Salve Rainha com pe\u00e7a de pl\u00e1stico grande marrom, Pai Nosso com mi\u00e7anga achatada e Ave Maria com mi\u00e7angas de cer\u00e2mica pl\u00e1stica. Toda madeira das cruzes e sementes s\u00e3o colhidas ap\u00f3s tempestade, poda ou ca\u00edram das \u00e1rvores. N\u00e3o machucamos as plantas!<\/p>\n","protected":false},"excerpt":{"rendered":"<p>Ter\u00e7o com cruz da \u00e1rvore de Loiro, Salve Rainha com pe\u00e7a de pl\u00e1stico grande marrom, Pai Nosso com mi\u00e7anga achatada e Ave Maria com mi\u00e7angas de cer\u00e2mica pl\u00e1stica. Toda madeira das cruzes e sementes s\u00e3o colhidas ap\u00f3s tempestade, poda ou ca\u00edram das \u00e1rvores. N\u00e3o machucamos as plantas!<\/p>\n","protected":false},"featured_media":397,"comment_status":"open","ping_status":"closed","template":"","meta":[],"product_cat":[23],"product_tag":[20],"aioseo_notices":[],"_links":{"self":[{"href":"https:\/\/papelmadeira.com.br\/index.php?rest_route=\/wp\/v2\/product\/88"}],"collection":[{"href":"https:\/\/papelmadeira.com.br\/index.php?rest_route=\/wp\/v2\/product"}],"about":[{"href":"https:\/\/papelmadeira.com.br\/index.php?rest_route=\/wp\/v2\/types\/product"}],"replies":[{"embeddable":true,"href":"https:\/\/papelmadeira.com.br\/index.php?rest_route=%2Fwp%2Fv2%2Fcomments&post=88"}],"wp:featuredmedia":[{"embeddable":true,"href":"https:\/\/papelmadeira.com.br\/index.php?rest_route=\/wp\/v2\/media\/397"}],"wp:attachment":[{"href":"https:\/\/papelmadeira.com.br\/index.php?rest_route=%2Fwp%2Fv2%2Fmedia&parent=88"}],"wp:term":[{"taxonomy":"product_cat","embeddable":true,"href":"https:\/\/papelmadeira.com.br\/index.php?rest_route=%2Fwp%2Fv2%2Fproduct_cat&post=88"},{"taxonomy":"product_tag","embeddable":true,"href":"https:\/\/papelmadeira.com.br\/index.php?rest_route=%2Fwp%2Fv2%2Fproduct_tag&post=88"}],"curies":[{"name":"wp","href":"https:\/\/api.w.org\/{rel}","templated":true}]}}