{"id":89,"date":"2019-10-16T09:41:29","date_gmt":"2019-10-16T12:41:29","guid":{"rendered":"https:\/\/bridge267.qodeinteractive.com\/?post_type=product&#038;p=89"},"modified":"2021-09-01T22:11:07","modified_gmt":"2021-09-02T01:11:07","slug":"white-plates","status":"publish","type":"product","link":"https:\/\/papelmadeira.com.br\/?product=white-plates","title":{"rendered":"Ter\u00e7o Cruz de Caf\u00e9 Bege"},"content":{"rendered":"<p>Ter\u00e7o com cruz da \u00e1rvore de Caf\u00e9, com mi\u00e7angas de madeira. Toda madeira das cruzes e sementes s\u00e3o colhidas ap\u00f3s tempestade, poda ou ca\u00edram das \u00e1rvores. N\u00e3o machucamos as plantas!<\/p>\n","protected":false},"excerpt":{"rendered":"<p>Ter\u00e7o com cruz da \u00e1rvore de Caf\u00e9, com mi\u00e7angas de madeira. Toda madeira das cruzes e sementes s\u00e3o colhidas ap\u00f3s tempestade, poda ou ca\u00edram das \u00e1rvores. N\u00e3o machucamos as plantas!<\/p>\n","protected":false},"featured_media":395,"comment_status":"open","ping_status":"closed","template":"","meta":[],"product_cat":[23],"product_tag":[20],"aioseo_notices":[],"_links":{"self":[{"href":"https:\/\/papelmadeira.com.br\/index.php?rest_route=\/wp\/v2\/product\/89"}],"collection":[{"href":"https:\/\/papelmadeira.com.br\/index.php?rest_route=\/wp\/v2\/product"}],"about":[{"href":"https:\/\/papelmadeira.com.br\/index.php?rest_route=\/wp\/v2\/types\/product"}],"replies":[{"embeddable":true,"href":"https:\/\/papelmadeira.com.br\/index.php?rest_route=%2Fwp%2Fv2%2Fcomments&post=89"}],"wp:featuredmedia":[{"embeddable":true,"href":"https:\/\/papelmadeira.com.br\/index.php?rest_route=\/wp\/v2\/media\/395"}],"wp:attachment":[{"href":"https:\/\/papelmadeira.com.br\/index.php?rest_route=%2Fwp%2Fv2%2Fmedia&parent=89"}],"wp:term":[{"taxonomy":"product_cat","embeddable":true,"href":"https:\/\/papelmadeira.com.br\/index.php?rest_route=%2Fwp%2Fv2%2Fproduct_cat&post=89"},{"taxonomy":"product_tag","embeddable":true,"href":"https:\/\/papelmadeira.com.br\/index.php?rest_route=%2Fwp%2Fv2%2Fproduct_tag&post=89"}],"curies":[{"name":"wp","href":"https:\/\/api.w.org\/{rel}","templated":true}]}}