{"id":90,"date":"2019-10-16T09:43:03","date_gmt":"2019-10-16T12:43:03","guid":{"rendered":"https:\/\/bridge267.qodeinteractive.com\/?post_type=product&#038;p=90"},"modified":"2021-09-01T09:57:53","modified_gmt":"2021-09-01T12:57:53","slug":"succulent-plant","status":"publish","type":"product","link":"https:\/\/papelmadeira.com.br\/?product=succulent-plant","title":{"rendered":"Ter\u00e7o Cruz de Arruda com Cer\u00e2mica"},"content":{"rendered":"<p align=\"justify\">Ter\u00e7o com cruz da planta Arruda, Salve Rainha com pe\u00e7a grande de pl\u00e1stico oval marrom, Pai Nosso com mi\u00e7anga achatada e Ave Maria com mi\u00e7angas de cer\u00e2mica pl\u00e1stica.<\/p>\n<p align=\"justify\">Toda madeira das cruzes e sementes s\u00e3o colhidas ap\u00f3s tempestade, poda ou ca\u00edram das \u00e1rvores. N\u00e3o machucamos as plantas!<\/p>\n","protected":false},"excerpt":{"rendered":"<p align=\"justify\">Ter\u00e7o com cruz da planta Arruda, Salve Rainha com pe\u00e7a grande de pl\u00e1stico oval marrom, Pai Nosso com mi\u00e7anga achatada e Ave Maria com mi\u00e7angas de cer\u00e2mica pl\u00e1stica.<\/p>\n<p align=\"justify\">Toda madeira das cruzes e sementes s\u00e3o colhidas ap\u00f3s tempestade, poda ou ca\u00edram das \u00e1rvores. N\u00e3o machucamos as plantas!<\/p>\n","protected":false},"featured_media":407,"comment_status":"open","ping_status":"closed","template":"","meta":[],"product_cat":[23],"product_tag":[20],"aioseo_notices":[],"_links":{"self":[{"href":"https:\/\/papelmadeira.com.br\/index.php?rest_route=\/wp\/v2\/product\/90"}],"collection":[{"href":"https:\/\/papelmadeira.com.br\/index.php?rest_route=\/wp\/v2\/product"}],"about":[{"href":"https:\/\/papelmadeira.com.br\/index.php?rest_route=\/wp\/v2\/types\/product"}],"replies":[{"embeddable":true,"href":"https:\/\/papelmadeira.com.br\/index.php?rest_route=%2Fwp%2Fv2%2Fcomments&post=90"}],"wp:featuredmedia":[{"embeddable":true,"href":"https:\/\/papelmadeira.com.br\/index.php?rest_route=\/wp\/v2\/media\/407"}],"wp:attachment":[{"href":"https:\/\/papelmadeira.com.br\/index.php?rest_route=%2Fwp%2Fv2%2Fmedia&parent=90"}],"wp:term":[{"taxonomy":"product_cat","embeddable":true,"href":"https:\/\/papelmadeira.com.br\/index.php?rest_route=%2Fwp%2Fv2%2Fproduct_cat&post=90"},{"taxonomy":"product_tag","embeddable":true,"href":"https:\/\/papelmadeira.com.br\/index.php?rest_route=%2Fwp%2Fv2%2Fproduct_tag&post=90"}],"curies":[{"name":"wp","href":"https:\/\/api.w.org\/{rel}","templated":true}]}}