{"id":91,"date":"2019-10-16T09:45:03","date_gmt":"2019-10-16T12:45:03","guid":{"rendered":"https:\/\/bridge267.qodeinteractive.com\/?post_type=product&#038;p=91"},"modified":"2021-10-05T07:31:37","modified_gmt":"2021-10-05T10:31:37","slug":"ceramic-vases","status":"publish","type":"product","link":"https:\/\/papelmadeira.com.br\/?product=ceramic-vases","title":{"rendered":"Ter\u00e7o com Cruz de Jurema"},"content":{"rendered":"<p align=\"justify\">Ter\u00e7o com cruz da \u00e1rvore de Jurema com Ave Maria com mi\u00e7angas de madeira, Salve Rainha com semente de A\u00e7a\u00ed e Pai Nosso com mi\u00e7anga de madeira bege grande.<\/p>\n<p align=\"justify\">Toda madeira das cruzes e sementes s\u00e3o colhidas ap\u00f3s tempestade, poda ou ca\u00edram das \u00e1rvores. N\u00e3o machucamos as plantas!<\/p>\n","protected":false},"excerpt":{"rendered":"<p align=\"justify\">Ter\u00e7o com cruz da \u00e1rvore de Jurema com Ave Maria com mi\u00e7angas de madeira, Salve Rainha com semente de A\u00e7a\u00ed e Pai Nosso com mi\u00e7anga de madeira bege grande.<\/p>\n<p align=\"justify\">Toda madeira das cruzes e sementes s\u00e3o colhidas ap\u00f3s tempestade, poda ou ca\u00edram das \u00e1rvores. N\u00e3o machucamos as plantas!<\/p>\n","protected":false},"featured_media":406,"comment_status":"open","ping_status":"closed","template":"","meta":[],"product_cat":[23],"product_tag":[20],"aioseo_notices":[],"_links":{"self":[{"href":"https:\/\/papelmadeira.com.br\/index.php?rest_route=\/wp\/v2\/product\/91"}],"collection":[{"href":"https:\/\/papelmadeira.com.br\/index.php?rest_route=\/wp\/v2\/product"}],"about":[{"href":"https:\/\/papelmadeira.com.br\/index.php?rest_route=\/wp\/v2\/types\/product"}],"replies":[{"embeddable":true,"href":"https:\/\/papelmadeira.com.br\/index.php?rest_route=%2Fwp%2Fv2%2Fcomments&post=91"}],"wp:featuredmedia":[{"embeddable":true,"href":"https:\/\/papelmadeira.com.br\/index.php?rest_route=\/wp\/v2\/media\/406"}],"wp:attachment":[{"href":"https:\/\/papelmadeira.com.br\/index.php?rest_route=%2Fwp%2Fv2%2Fmedia&parent=91"}],"wp:term":[{"taxonomy":"product_cat","embeddable":true,"href":"https:\/\/papelmadeira.com.br\/index.php?rest_route=%2Fwp%2Fv2%2Fproduct_cat&post=91"},{"taxonomy":"product_tag","embeddable":true,"href":"https:\/\/papelmadeira.com.br\/index.php?rest_route=%2Fwp%2Fv2%2Fproduct_tag&post=91"}],"curies":[{"name":"wp","href":"https:\/\/api.w.org\/{rel}","templated":true}]}}