{"id":92,"date":"2019-10-16T09:49:55","date_gmt":"2019-10-16T12:49:55","guid":{"rendered":"https:\/\/bridge267.qodeinteractive.com\/?post_type=product&#038;p=92"},"modified":"2021-08-03T12:37:18","modified_gmt":"2021-08-03T15:37:18","slug":"small-plate","status":"publish","type":"product","link":"https:\/\/papelmadeira.com.br\/?product=small-plate","title":{"rendered":"Ter\u00e7o Salve Rainha com mi\u00e7anga Rajada"},"content":{"rendered":"<p align=\"justify\">Ter\u00e7o com cruz da \u00e1rvore de Louro, com Salve Rainha e Pai Nosso com mi\u00e7anga rajada e Ave Marias com mi\u00e7angas de madeira.<\/p>\n<p align=\"justify\">Toda madeira das cruzes e sementes s\u00e3o colhidas ap\u00f3s tempestade, poda ou ca\u00edram das \u00e1rvores. N\u00e3o machucamos as plantas!<\/p>\n","protected":false},"excerpt":{"rendered":"<p align=\"justify\">Ter\u00e7o com cruz da \u00e1rvore de Louro, com Salve Rainha e Pai Nosso com mi\u00e7anga rajada e Ave Marias com mi\u00e7angas de madeira.<\/p>\n<p align=\"justify\">Toda madeira das cruzes e sementes s\u00e3o colhidas ap\u00f3s tempestade, poda ou ca\u00edram das \u00e1rvores. N\u00e3o machucamos as plantas!<\/p>\n","protected":false},"featured_media":405,"comment_status":"open","ping_status":"closed","template":"","meta":[],"product_cat":[23],"product_tag":[20],"aioseo_notices":[],"_links":{"self":[{"href":"https:\/\/papelmadeira.com.br\/index.php?rest_route=\/wp\/v2\/product\/92"}],"collection":[{"href":"https:\/\/papelmadeira.com.br\/index.php?rest_route=\/wp\/v2\/product"}],"about":[{"href":"https:\/\/papelmadeira.com.br\/index.php?rest_route=\/wp\/v2\/types\/product"}],"replies":[{"embeddable":true,"href":"https:\/\/papelmadeira.com.br\/index.php?rest_route=%2Fwp%2Fv2%2Fcomments&post=92"}],"wp:featuredmedia":[{"embeddable":true,"href":"https:\/\/papelmadeira.com.br\/index.php?rest_route=\/wp\/v2\/media\/405"}],"wp:attachment":[{"href":"https:\/\/papelmadeira.com.br\/index.php?rest_route=%2Fwp%2Fv2%2Fmedia&parent=92"}],"wp:term":[{"taxonomy":"product_cat","embeddable":true,"href":"https:\/\/papelmadeira.com.br\/index.php?rest_route=%2Fwp%2Fv2%2Fproduct_cat&post=92"},{"taxonomy":"product_tag","embeddable":true,"href":"https:\/\/papelmadeira.com.br\/index.php?rest_route=%2Fwp%2Fv2%2Fproduct_tag&post=92"}],"curies":[{"name":"wp","href":"https:\/\/api.w.org\/{rel}","templated":true}]}}